{"id":220,"date":"2021-11-05T12:52:42","date_gmt":"2021-11-05T12:52:42","guid":{"rendered":"http:\/\/tobermore.band\/startseite\/"},"modified":"2026-03-07T10:05:38","modified_gmt":"2026-03-07T10:05:38","slug":"startseite","status":"publish","type":"page","link":"https:\/\/tobermore.band\/de\/","title":{"rendered":"Startseite"},"content":{"rendered":"<p>[et_pb_section fb_built=&#8220;1&#8243; _builder_version=&#8220;4.19.0&#8243; _module_preset=&#8220;default&#8220; background_image=&#8220;http:\/\/tobermore.band\/wp-content\/uploads\/2023\/03\/Tobermore-2023.jpg&#8220; background_position=&#8220;top_center&#8220; custom_padding=&#8220;0px||421px|||&#8220; global_colors_info=&#8220;{}&#8220;][et_pb_row _builder_version=&#8220;4.19.0&#8243; _module_preset=&#8220;default&#8220; global_colors_info=&#8220;{}&#8220;][et_pb_column type=&#8220;4_4&#8243; _builder_version=&#8220;4.19.0&#8243; _module_preset=&#8220;default&#8220; global_colors_info=&#8220;{}&#8220;][et_pb_image src=&#8220;http:\/\/tobermore.band\/wp-content\/uploads\/2021\/11\/tobermore.png&#8220; title_text=&#8220;tobermore&#8220; align=&#8220;center&#8220; _builder_version=&#8220;4.16&#8243; _module_preset=&#8220;default&#8220; global_colors_info=&#8220;{}&#8220;][\/et_pb_image][\/et_pb_column][\/et_pb_row][\/et_pb_section][et_pb_section fb_built=&#8220;1&#8243; module_id=&#8220;top&#8220; _builder_version=&#8220;4.16&#8243; _module_preset=&#8220;default&#8220; custom_padding=&#8220;0px|||||&#8220; global_colors_info=&#8220;{}&#8220;][et_pb_row column_structure=&#8220;1_4,1_2,1_4&#8243; _builder_version=&#8220;4.16&#8243; _module_preset=&#8220;default&#8220; custom_padding=&#8220;70px|||||&#8220; global_colors_info=&#8220;{}&#8220;][et_pb_column type=&#8220;1_4&#8243; _builder_version=&#8220;4.16&#8243; _module_preset=&#8220;default&#8220; global_colors_info=&#8220;{}&#8220;][\/et_pb_column][et_pb_column type=&#8220;1_2&#8243; _builder_version=&#8220;4.16&#8243; _module_preset=&#8220;default&#8220; global_colors_info=&#8220;{}&#8220;][et_pb_text _builder_version=&#8220;4.17.4&#8243; _module_preset=&#8220;default&#8220; global_colors_info=&#8220;{}&#8220;]<\/p>\n<h2>Tobemore &#8211; Lyrical Irish Folk<\/h2>\n<p>&nbsp;<\/p>\n<p>Manchmal sanft und beruhigend, oft mitrei\u00dfend und stampfend, haben Tobermores Volkslieder und Songs oft den Ruf, die Zuh\u00f6rer direkt ins Schw\u00e4rmen zu versetzen \ud83d\ude1b.<\/p>\n<p><span>W\u00e4hrend Rein auf der Dadgad-Gitarre ein lebendiges Fundament webt und <\/span>Marinus mit seinem Kontrabass die Musik erw\u00e4rmt, tragen Herco, Rolf und Vincent die Melodien auf Fl\u00f6ten, Whistles, Fiddle, Mandoline, diatonischem Akkordeon und nat\u00fcrlich der traditionellen irischen Bodhr\u00e1n solide. Ausgezeichnete S\u00e4nger alle, heben sie jedes Lied in die H\u00f6he mit intensiven mehrstimmigen Harmonien.<\/p>\n<p><span class=\"_5yl5\">Mitrei\u00dfende, lyrische und reichhaltige Irish-Folk-Melodien und gef\u00fchlvolle Old-Time-Country-Songs, die Sie auch dann noch genie\u00dfen k\u00f6nnen, wenn das letzte Echo des Konzerts schon l\u00e4ngst verklungen ist.<\/span><\/p>\n<p>So lautete der offizielle Klappentext, und es ist alles wahr, jedes blumige Wort davon&#8230;.<\/p>\n<p>Abgesehen davon gibt es eigentlich nur eines zu sagen: Es ist einfach nur guter alter Craic! Kommen Sie und h\u00f6ren Sie zu, wenn Sie die Gelegenheit haben!<\/p>\n<p>[\/et_pb_text][\/et_pb_column][et_pb_column type=&#8220;1_4&#8243; _builder_version=&#8220;4.16&#8243; _module_preset=&#8220;default&#8220; global_colors_info=&#8220;{}&#8220;][\/et_pb_column][\/et_pb_row][\/et_pb_section][et_pb_section fb_built=&#8220;1&#8243; _builder_version=&#8220;4.16&#8243; _module_preset=&#8220;default&#8220; background_image=&#8220;http:\/\/tobermore.band\/wp-content\/uploads\/2021\/11\/Tobermore201700012.jpg&#8220; parallax=&#8220;on&#8220; parallax_method=&#8220;off&#8220; custom_padding=&#8220;382px|||||&#8220; global_colors_info=&#8220;{}&#8220;][\/et_pb_section][et_pb_section fb_built=&#8220;1&#8243; module_id=&#8220;theband&#8220; _builder_version=&#8220;4.16&#8243; _module_preset=&#8220;default&#8220; global_colors_info=&#8220;{}&#8220;][et_pb_row _builder_version=&#8220;4.16&#8243; _module_preset=&#8220;default&#8220; global_colors_info=&#8220;{}&#8220;][et_pb_column type=&#8220;4_4&#8243; _builder_version=&#8220;4.16&#8243; _module_preset=&#8220;default&#8220; global_colors_info=&#8220;{}&#8220;][et_pb_text _builder_version=&#8220;4.16&#8243; _module_preset=&#8220;default&#8220; global_colors_info=&#8220;{}&#8220;]<\/p>\n<div class=\"et_pb_module et_pb_text et_pb_text_6 et_pb_text_align_left et_pb_bg_layout_light\">\n<div class=\"et_pb_text_inner\">\n<h1 style=\"text-align: center;\">Die Band<\/h1>\n<\/div>\n<\/div>\n<p>[\/et_pb_text][et_pb_divider color=&#8220;#e0e0e0&#8243; _builder_version=&#8220;4.16&#8243; _module_preset=&#8220;default&#8220; global_colors_info=&#8220;{}&#8220;][\/et_pb_divider][\/et_pb_column][\/et_pb_row][et_pb_row column_structure=&#8220;1_3,1_3,1_3&#8243; _builder_version=&#8220;4.16&#8243; _module_preset=&#8220;default&#8220; global_colors_info=&#8220;{}&#8220;][et_pb_column type=&#8220;1_3&#8243; _builder_version=&#8220;4.16&#8243; _module_preset=&#8220;default&#8220; global_colors_info=&#8220;{}&#8220;][et_pb_image src=&#8220;http:\/\/tobermore.band\/wp-content\/uploads\/2021\/11\/Tobermore_FestMaritim_201700039.jpg&#8220; title_text=&#8220;Tobermore_FestMaritim_201700039&#8243; _builder_version=&#8220;4.16&#8243; _module_preset=&#8220;default&#8220; global_colors_info=&#8220;{}&#8220;][\/et_pb_image][et_pb_text _builder_version=&#8220;4.16&#8243; _module_preset=&#8220;default&#8220; global_colors_info=&#8220;{}&#8220;]<\/p>\n<p><strong>Herco Schuchard<\/strong><\/p>\n<p>&nbsp;<\/p>\n<p>~ Fl\u00f6te<br \/>~ Whistles<br \/>~ Gesang<\/p>\n<p>[\/et_pb_text][\/et_pb_column][et_pb_column type=&#8220;1_3&#8243; _builder_version=&#8220;4.16&#8243; _module_preset=&#8220;default&#8220; global_colors_info=&#8220;{}&#8220;][et_pb_image src=&#8220;http:\/\/tobermore.band\/wp-content\/uploads\/2021\/11\/Tobermore_FestMaritim_201700036.jpg&#8220; title_text=&#8220;Tobermore_FestMaritim_201700036&#8243; _builder_version=&#8220;4.16&#8243; _module_preset=&#8220;default&#8220; global_colors_info=&#8220;{}&#8220;][\/et_pb_image][et_pb_text _builder_version=&#8220;4.16&#8243; _module_preset=&#8220;default&#8220; global_colors_info=&#8220;{}&#8220;]<\/p>\n<p><strong>Vincent van Meerdervoort<\/strong><\/p>\n<p>&nbsp;<\/p>\n<p>~ Box<br \/>~ Bodhr\u00e1n<br \/>~ Gesang<br \/>~ Whistles<\/p>\n<p>[\/et_pb_text][\/et_pb_column][et_pb_column type=&#8220;1_3&#8243; _builder_version=&#8220;4.16&#8243; _module_preset=&#8220;default&#8220; global_colors_info=&#8220;{}&#8220;][et_pb_image src=&#8220;http:\/\/tobermore.band\/wp-content\/uploads\/2021\/11\/Tobermore_FestMaritim_201700023.jpg&#8220; title_text=&#8220;Tobermore_FestMaritim_201700023&#8243; _builder_version=&#8220;4.16&#8243; _module_preset=&#8220;default&#8220; global_colors_info=&#8220;{}&#8220;][\/et_pb_image][et_pb_text _builder_version=&#8220;4.16&#8243; _module_preset=&#8220;default&#8220; global_colors_info=&#8220;{}&#8220;]<\/p>\n<p><strong>Rolf Groeneveld<\/strong><\/p>\n<p>&nbsp;<\/p>\n<p>~ Fiddle<br \/>~ Mandoline<br \/>~ Gesang<\/p>\n<p>[\/et_pb_text][\/et_pb_column][\/et_pb_row][et_pb_row column_structure=&#8220;1_3,1_3,1_3&#8243; _builder_version=&#8220;4.16&#8243; _module_preset=&#8220;default&#8220; global_colors_info=&#8220;{}&#8220;][et_pb_column type=&#8220;1_3&#8243; _builder_version=&#8220;4.16&#8243; _module_preset=&#8220;default&#8220; global_colors_info=&#8220;{}&#8220;][et_pb_image src=&#8220;http:\/\/tobermore.band\/wp-content\/uploads\/2021\/12\/Marinnus.jpg&#8220; title_text=&#8220;Marinnus&#8220; _builder_version=&#8220;4.16&#8243; _module_preset=&#8220;default&#8220; global_colors_info=&#8220;{}&#8220;][\/et_pb_image][et_pb_text _builder_version=&#8220;4.16&#8243; _module_preset=&#8220;default&#8220; global_colors_info=&#8220;{}&#8220;]<\/p>\n<p><strong>Marinus van Grootheest<\/strong><\/p>\n<p>&nbsp;<\/p>\n<p>~ Kontrabass<\/p>\n<p>[\/et_pb_text][\/et_pb_column][et_pb_column type=&#8220;1_3&#8243; _builder_version=&#8220;4.16&#8243; _module_preset=&#8220;default&#8220; global_colors_info=&#8220;{}&#8220;][et_pb_image src=&#8220;http:\/\/tobermore.band\/wp-content\/uploads\/2022\/02\/Rein-1.jpg&#8220; title_text=&#8220;Rein&#8220; module_class=&#8220;landscape&#8220; _builder_version=&#8220;4.16&#8243; _module_preset=&#8220;default&#8220; global_colors_info=&#8220;{}&#8220;][\/et_pb_image][et_pb_text _builder_version=&#8220;4.16&#8243; _module_preset=&#8220;default&#8220; global_colors_info=&#8220;{}&#8220;]<\/p>\n<p><strong>Rein Sprong<\/strong><\/p>\n<p>&nbsp;<\/p>\n<p>~ Gitarre<\/p>\n<p>[\/et_pb_text][\/et_pb_column][et_pb_column type=&#8220;1_3&#8243; _builder_version=&#8220;4.16&#8243; _module_preset=&#8220;default&#8220; global_colors_info=&#8220;{}&#8220;][\/et_pb_column][\/et_pb_row][\/et_pb_section][et_pb_section fb_built=&#8220;1&#8243; _builder_version=&#8220;4.16&#8243; _module_preset=&#8220;default&#8220; background_image=&#8220;http:\/\/tobermore.band\/wp-content\/uploads\/2021\/12\/20934101_1740802039285741_4541703763782627416_o.jpg&#8220; parallax=&#8220;on&#8220; parallax_method=&#8220;off&#8220; custom_padding=&#8220;382px|||||&#8220; global_colors_info=&#8220;{}&#8220;][\/et_pb_section][et_pb_section fb_built=&#8220;1&#8243; module_id=&#8220;music&#8220; _builder_version=&#8220;4.16&#8243; _module_preset=&#8220;default&#8220; global_colors_info=&#8220;{}&#8220;][et_pb_row _builder_version=&#8220;4.16&#8243; _module_preset=&#8220;default&#8220; global_colors_info=&#8220;{}&#8220;][et_pb_column type=&#8220;4_4&#8243; _builder_version=&#8220;4.16&#8243; _module_preset=&#8220;default&#8220; global_colors_info=&#8220;{}&#8220;][et_pb_text _builder_version=&#8220;4.16&#8243; _module_preset=&#8220;default&#8220; global_colors_info=&#8220;{}&#8220;]<\/p>\n<div class=\"et_pb_module et_pb_text et_pb_text_6 et_pb_text_align_left et_pb_bg_layout_light\">\n<div class=\"et_pb_text_inner\">\n<h1 style=\"text-align: center;\">Musik<\/h1>\n<\/div>\n<\/div>\n<p>[\/et_pb_text][et_pb_divider color=&#8220;#e0e0e0&#8243; _builder_version=&#8220;4.16&#8243; _module_preset=&#8220;default&#8220; global_colors_info=&#8220;{}&#8220;][\/et_pb_divider][\/et_pb_column][\/et_pb_row][et_pb_row column_structure=&#8220;1_2,1_2&#8243; make_equal=&#8220;on&#8220; _builder_version=&#8220;4.16&#8243; _module_preset=&#8220;default&#8220; global_colors_info=&#8220;{}&#8220;][et_pb_column type=&#8220;1_2&#8243; _builder_version=&#8220;4.16&#8243; _module_preset=&#8220;default&#8220; global_colors_info=&#8220;{}&#8220;][et_pb_text _builder_version=&#8220;4.16&#8243; _module_preset=&#8220;default&#8220; global_colors_info=&#8220;{}&#8220;]<\/p>\n<h2>Lyrische irische und amerikanische Folklore<\/h2>\n<p>&nbsp;<\/p>\n<p>Wir spielen traditionelle irische und amerikanische Folkmusik, wie man sie in einem irischen Pub h\u00f6ren w\u00fcrde, aber so arrangiert, dass sie belebend und verj\u00fcngend wirkt. Viele Lieder und eindringliche instrumentale Melodien, die dich zwingen, wenigstens die F\u00fc\u00dfe mit dem Rhythmus zu zapfen.<\/p>\n<p>&nbsp;<\/p>\n<h2><\/h2>\n<h2>Unser Album &#8222;K\u00fcsse&#8220;<\/h2>\n<p>Unser Deb\u00fctalbum &#8222;Kisses&#8220; hat viel Beifall erhalten und w\u00e4hrend die Leute es lieben, bekommen wir viele Kommentare wie &#8222;live sind sie noch besser!&#8220;<\/p>\n<p>H\u00f6r dir einfach die Spotify-Tracks an, wenn du willst \ud83d\ude42<\/p>\n<p>Wenn ihr unsere erste CD kaufen wollt, ist sie bei iTunes und anderen Online-Shops erh\u00e4ltlich, aber nat\u00fcrlich<span> <\/span><em><strong>Wir bevorzugen<\/strong><\/em><span> <\/span>dass Sie es direkt bei uns kaufen. Schickt uns einfach eine E-Mail, wenn ihr Interesse habt, oder holt es euch bei einem unserer Auftritte!<\/p>\n<p>[\/et_pb_text][\/et_pb_column][et_pb_column type=&#8220;1_2&#8243; _builder_version=&#8220;4.16&#8243; _module_preset=&#8220;default&#8220; global_colors_info=&#8220;{}&#8220;][et_pb_accordion toggle_icon=&#8220;&#x3a;||divi||400&#8243; _builder_version=&#8220;4.17.6&#8243; _module_preset=&#8220;default&#8220; global_colors_info=&#8220;{}&#8220;][et_pb_accordion_item title=&#8220;H\u00f6ren Sie sich die Titel an&#8220; open=&#8220;on&#8220; _builder_version=&#8220;4.17.6&#8243; _module_preset=&#8220;default&#8220; global_colors_info=&#8220;{}&#8220;]<\/p>\n<p><iframe loading=\"lazy\" src=\"https:\/\/open.spotify.com\/embed\/album\/1vlKvVsPEtOHD027B7XZcR?utm_source=generator\" width=\"100%\" height=\"380\" frameborder=\"0\" allowfullscreen=\"\" allow=\"autoplay; clipboard-write; encrypted-media; fullscreen; picture-in-picture\"><\/iframe><\/p>\n<p>[\/et_pb_accordion_item][et_pb_accordion_item title=&#8220;Rezension von Folkforum&#8220; icon_color=&#8220;#000000&#8243; toggle_icon=&#8220;&#x3a;||divi||400&#8243; _builder_version=&#8220;4.17.6&#8243; _module_preset=&#8220;default&#8220; global_colors_info=&#8220;{}&#8220; open=&#8220;off&#8220;]<\/p>\n<p>Obwohl Tobermore, gegr\u00fcndet 2014, ein neuer Zweig der Folk-Branche ist, bringen die Musiker viel Erfahrung mit.  <strong>Herco Schuchard<\/strong> (Fl\u00f6ten, Gesang) spielte schon als Kind Trompete in der Dixieland-Band seines Vaters, <strong>Vincent Pompe van Meerdervoort<\/strong> (diatonisches Akkordeon, Bodhr\u00e1n, Gesang) hat Harmony Glen letztes Jahr verlassen, um sich ganz auf dieses Projekt zu konzentrieren, <strong>Rolf Groeneveld<\/strong> (Geige, Gesang) kennen wir vor allem von Madlot und <strong>Gerard Braun<\/strong> (Gitarre, Gesang) absolvierte das Brabanter Konservatorium auf der klassischen Gitarre, bewegte sich im Jazz und in der Fusion, aber er f\u00fchlt sich auch in der Folkmusik zu Hause, er spielte mit Gerard van Maasakkers, Tjane und Privet und ist jetzt auch als Organisator von irischen Sessions und Konzerten bekannt. Nur <strong>Angus McGalligan<\/strong> (halb Ire, halb Belgier, Uillean Pipes, Whistles, Bodhr\u00e1n, Gesang) hat erst vor f\u00fcnf Jahren angefangen, die Uillean Pipes zu spielen. Auf ihrem Deb\u00fctalbum &#8222;Kisses&#8220; haben die M\u00e4nner traditionelle irische Melodien mit einem Hauch von amerikanischem Folk mit Herz und Seele interpretiert.<\/p>\n<p>Wenn Sie glauben, dass Sie gerade in einer gem\u00fctlichen irischen Session gelandet sind, serviert Ihnen Tobermore eine Coverversion von Bluegrass-Meister Tim O&#8217;Brien (On The Outside Looking In). Die Fl\u00f6te sorgt hier zwar f\u00fcr keltisches Feeling, aber der Ton f\u00fcr das Album Kisses ist gesetzt, das weitgehend irische Repertoire ist mit amerikanischen Einfl\u00fcssen durchsetzt. Ein weiteres Cover, das ruhig-melancholische Home Sweet Home, bei dem Gitarre und Akkordeon die Hauptrolle spielen, stammt von Matt Andersen, einem starken kanadischen Singer-Songwriter, der vor allem Americana-Fans ein Begriff sein d\u00fcrfte. Bei beiden St\u00fccken \u00fcbernimmt Herco Schuchard den Leadgesang mit einer angenehmen Stimme, die man gut h\u00f6ren kann. Etwas rauer ist der Gesang von Angus McGalligan bei den Traditionals Tippin&#8216; It Up to Nancy und dem weitgehend a cappella gesungenen Schlussst\u00fcck Or\u00f3 S\u00e9 Do Bheatha &#8218;Bhaile, das nur am Ende eine Bodhr\u00e1n enth\u00e4lt. Zwischen den Traditionals und Covers finden wir ein selbst geschriebenes St\u00fcck, O&#8217;Carolan&#8217;s Nightmare (Pompe van Meerdervoort), das wie eine Variation einer Melodie von Turlough O&#8217;Carolan (1670-1738) klingt, der haupts\u00e4chlich f\u00fcr Harfe schrieb, obwohl es insgesamt gut zum Arrangement mit Gitarre und Zugtasche passt.<\/p>\n<p>W\u00e4hrend ich Kisses h\u00f6re, stelle ich mir einen Stammtisch in einer Bar vor, umgeben von Tobermore-Musikern, die eine gemeinsame Leidenschaft f\u00fcr irische Musik teilen, aber auch gerne einen Ausflug in den amerikanischen Folk machen. Die Atmosph\u00e4re ist zwanglos, wenn du selbst ein Instrument spielst, kannst du dich uns anschlie\u00dfen, aber nat\u00fcrlich kannst du auch einfach nur zuh\u00f6ren.<\/p>\n<p>Mirjam Adrian<\/p>\n<p>[\/et_pb_accordion_item][et_pb_accordion_item title=&#8220;Rezension von New Folk Sounds&#8220; _builder_version=&#8220;4.17.6&#8243; _module_preset=&#8220;default&#8220; global_colors_info=&#8220;{}&#8220; open=&#8220;off&#8220;]<\/p>\n<p>Gegr\u00fcndet 2014 und nun die Deb\u00fct-CD mit traditionellem Irish Folk dieser niederl\u00e4ndischen Gruppe. Es besteht aus Gerard Braun (Gitarre, Gesang), Rolf Groeneveld (Geige, Gesang), Herco Schuchard (Fl\u00f6te, Gesang), dem irischen Belgier Angus McGalligan (Uilleann Pipes, Fl\u00f6te, Bodhran, Gesang) und Vincent Pompe van Meerdervoort (Akkordeon, Bodhran, Gesang). Eine optimale Besetzung, wie es scheint, um Irish Folk zu spielen. Vor allem, wenn man auch noch den Luxus von Uilleann Pipes in seinen Instrumenten hat, in den H\u00e4nden von jemandem, der auch die Originalsprache und den Akzent zeigen kann. Traditionelle Musik in anderen Worten, mit traditionellen Instrumenten und auch einer traditionellen Struktur des Albums. Die bekannte Mischung aus Melodien und Liedern. Von den Herren sauber arrangiert und auf konventionelle, aber durchaus \u00fcberzeugende Weise vorgetragen. Zwei Lieder liegen (ein wenig) au\u00dferhalb dieses irischen Repertoires. Home sweet home des kanadischen Folk\/Blues-S\u00e4ngers\/Gitarristen Matt Anderson und On the outside looking in des bekannten Amerikaners mit irischen Wurzeln Tim O&#8217;Brien. Hervorragender Sologesang, solides und dichtes Zusammenspiel, ausreichend Abwechslung. Mit anderen Worten, nichts Innovatives oder Neues, aber sicherlich ein h\u00f6renswertes Album.<\/p>\n<p>[\/et_pb_accordion_item][\/et_pb_accordion][\/et_pb_column][\/et_pb_row][\/et_pb_section][et_pb_section fb_built=&#8220;1&#8243; _builder_version=&#8220;4.16&#8243; _module_preset=&#8220;default&#8220; background_color=&#8220;#e2e2e2&#8243; background_image=&#8220;http:\/\/tobermore.band\/wp-content\/uploads\/2022\/02\/Vincent_Maritim.jpg&#8220; parallax=&#8220;on&#8220; parallax_method=&#8220;off&#8220; custom_padding=&#8220;382px|||||&#8220; global_colors_info=&#8220;{}&#8220;][\/et_pb_section][et_pb_section fb_built=&#8220;1&#8243; module_id=&#8220;gigs&#8220; _builder_version=&#8220;4.16&#8243; _module_preset=&#8220;default&#8220; global_colors_info=&#8220;{}&#8220;][et_pb_row _builder_version=&#8220;4.16&#8243; _module_preset=&#8220;default&#8220; global_colors_info=&#8220;{}&#8220;][et_pb_column type=&#8220;4_4&#8243; _builder_version=&#8220;4.16&#8243; _module_preset=&#8220;default&#8220; global_colors_info=&#8220;{}&#8220;][et_pb_text _builder_version=&#8220;4.16&#8243; _module_preset=&#8220;default&#8220; global_colors_info=&#8220;{}&#8220;]<\/p>\n<div class=\"et_pb_module et_pb_text et_pb_text_6 et_pb_text_align_left et_pb_bg_layout_light\">\n<div class=\"et_pb_text_inner\">\n<h1 style=\"text-align: center;\">Gigs<\/h1>\n<\/div>\n<\/div>\n<p>[\/et_pb_text][et_pb_divider color=&#8220;#e0e0e0&#8243; _builder_version=&#8220;4.16&#8243; _module_preset=&#8220;default&#8220; global_colors_info=&#8220;{}&#8220;][\/et_pb_divider][\/et_pb_column][\/et_pb_row][et_pb_row _builder_version=&#8220;4.16&#8243; _module_preset=&#8220;default&#8220; global_colors_info=&#8220;{}&#8220;][et_pb_column type=&#8220;4_4&#8243; _builder_version=&#8220;4.16&#8243; _module_preset=&#8220;default&#8220; global_colors_info=&#8220;{}&#8220;][et_pb_text _builder_version=&#8220;4.27.4&#8243; _module_preset=&#8220;default&#8220; hover_enabled=&#8220;0&#8243; global_colors_info=&#8220;{}&#8220; sticky_enabled=&#8220;0&#8243;]<\/p>\n<p><span><p class=\"ngage-gigs-empty\">No upcoming gigs.<\/p><\/span><\/p>\n<p>[\/et_pb_text][\/et_pb_column][\/et_pb_row][\/et_pb_section][et_pb_section fb_built=&#8220;1&#8243; _builder_version=&#8220;4.16&#8243; _module_preset=&#8220;default&#8220; background_color=&#8220;#e2e2e2&#8243; background_image=&#8220;http:\/\/tobermore.band\/wp-content\/uploads\/2021\/11\/Tobermore_FestMaritim_201700048.jpg&#8220; parallax=&#8220;on&#8220; parallax_method=&#8220;off&#8220; custom_padding=&#8220;382px|||||&#8220; global_colors_info=&#8220;{}&#8220;][\/et_pb_section][et_pb_section fb_built=&#8220;1&#8243; module_id=&#8220;Kontakt&#8220; _builder_version=&#8220;4.16&#8243; _module_preset=&#8220;default&#8220; global_colors_info=&#8220;{}&#8220;][et_pb_row _builder_version=&#8220;4.16&#8243; _module_preset=&#8220;default&#8220; global_colors_info=&#8220;{}&#8220;][et_pb_column type=&#8220;4_4&#8243; _builder_version=&#8220;4.16&#8243; _module_preset=&#8220;default&#8220; global_colors_info=&#8220;{}&#8220;][et_pb_text _builder_version=&#8220;4.16&#8243; _module_preset=&#8220;default&#8220; global_colors_info=&#8220;{}&#8220;]<\/p>\n<div class=\"et_pb_module et_pb_text et_pb_text_6 et_pb_text_align_left et_pb_bg_layout_light\">\n<div class=\"et_pb_text_inner\">\n<h1 style=\"text-align: center;\">contact<\/h1>\n<\/div>\n<\/div>\n<p>[\/et_pb_text][et_pb_divider color=&#8220;#e0e0e0&#8243; _builder_version=&#8220;4.16&#8243; _module_preset=&#8220;default&#8220; global_colors_info=&#8220;{}&#8220;][\/et_pb_divider][\/et_pb_column][\/et_pb_row][et_pb_row column_structure=&#8220;1_2,1_2&#8243; _builder_version=&#8220;4.16&#8243; _module_preset=&#8220;default&#8220; global_colors_info=&#8220;{}&#8220;][et_pb_column type=&#8220;1_2&#8243; _builder_version=&#8220;4.16&#8243; _module_preset=&#8220;default&#8220; global_colors_info=&#8220;{}&#8220;][et_pb_text _builder_version=&#8220;4.16&#8243; _module_preset=&#8220;default&#8220; global_colors_info=&#8220;{}&#8220;]<\/p>\n<p>F\u00fcr Informationen oder Buchungen k\u00f6nnen Sie uns per Post oder Telefon kontaktieren.<br \/>Optional k\u00f6nnen wir unser eigenes PA-System f\u00fcr Publikum bis zu 250 Personen mitbringen. Z\u00f6gern Sie nicht, uns anzurufen oder eine E-Mail zu schreiben \ud83d\ude42<\/p>\n<p><strong>E-Mail<\/strong>:<span> <\/span><a href=\"mailto:info@tobermore.band\">info@tobermore.band<\/a><\/p>\n<p><strong>Telefon<\/strong>:<span> <\/span><a href=\"tel:+31624637507\">+31 (0) 6 24 63 75 07<\/a><span> <\/span>(Vincent)<\/p>\n<p><strong>WhatsApp<\/strong>:<a href=\"https:\/\/wa.link\/wm9xdy\"><span> <\/span><\/a> Jetzt eine Nachricht senden<\/p>\n<p>[\/et_pb_text][\/et_pb_column][et_pb_column type=&#8220;1_2&#8243; _builder_version=&#8220;4.16&#8243; _module_preset=&#8220;default&#8220; global_colors_info=&#8220;{}&#8220;][et_pb_image src=&#8220;http:\/\/tobermore.band\/wp-content\/uploads\/2021\/11\/Kisses_DigiDist_Cover.jpg&#8220; title_text=&#8220;K\u00fcsse_DigiDist_Deckel&#8220; _builder_version=&#8220;4.16&#8243; _module_preset=&#8220;default&#8220; global_colors_info=&#8220;{}&#8220;][\/et_pb_image][\/et_pb_column][\/et_pb_row][\/et_pb_section]<\/p>\n","protected":false},"excerpt":{"rendered":"<p>Tobemore &#8211; Lyrical Irish Folk &nbsp; Manchmal sanft und beruhigend, oft mitrei\u00dfend und stampfend, haben Tobermores Volkslieder und Songs oft den Ruf, die Zuh\u00f6rer direkt ins Schw\u00e4rmen zu versetzen \ud83d\ude1b. W\u00e4hrend Rein auf der Dadgad-Gitarre ein lebendiges Fundament webt und Marinus mit seinem Kontrabass die Musik erw\u00e4rmt, tragen Herco, Rolf und Vincent die Melodien auf [&hellip;]<\/p>\n","protected":false},"author":1,"featured_media":0,"parent":0,"menu_order":0,"comment_status":"closed","ping_status":"closed","template":"","meta":{"_et_pb_use_builder":"on","_et_pb_old_content":"","_et_gb_content_width":"","footnotes":""},"class_list":["post-220","page","type-page","status-publish","hentry"],"aioseo_notices":[],"_links":{"self":[{"href":"https:\/\/tobermore.band\/de\/wp-json\/wp\/v2\/pages\/220","targetHints":{"allow":["GET"]}}],"collection":[{"href":"https:\/\/tobermore.band\/de\/wp-json\/wp\/v2\/pages"}],"about":[{"href":"https:\/\/tobermore.band\/de\/wp-json\/wp\/v2\/types\/page"}],"author":[{"embeddable":true,"href":"https:\/\/tobermore.band\/de\/wp-json\/wp\/v2\/users\/1"}],"replies":[{"embeddable":true,"href":"https:\/\/tobermore.band\/de\/wp-json\/wp\/v2\/comments?post=220"}],"version-history":[{"count":1,"href":"https:\/\/tobermore.band\/de\/wp-json\/wp\/v2\/pages\/220\/revisions"}],"predecessor-version":[{"id":470,"href":"https:\/\/tobermore.band\/de\/wp-json\/wp\/v2\/pages\/220\/revisions\/470"}],"wp:attachment":[{"href":"https:\/\/tobermore.band\/de\/wp-json\/wp\/v2\/media?parent=220"}],"curies":[{"name":"wp","href":"https:\/\/api.w.org\/{rel}","templated":true}]}}