{"id":417,"date":"2024-09-09T10:48:13","date_gmt":"2024-09-09T10:48:13","guid":{"rendered":"https:\/\/tobermore.band\/presseinfo\/"},"modified":"2024-09-09T10:59:44","modified_gmt":"2024-09-09T10:59:44","slug":"presseinfo","status":"publish","type":"page","link":"https:\/\/tobermore.band\/de\/presseinfo\/","title":{"rendered":"Presseinfo"},"content":{"rendered":"<p>[et_pb_section fb_built=&#8220;1&#8243; theme_builder_area=&#8220;post_content&#8220; _builder_version=&#8220;4.24.0&#8243; _module_preset=&#8220;default&#8220;][et_pb_row _builder_version=&#8220;4.24.0&#8243; _module_preset=&#8220;default&#8220; theme_builder_area=&#8220;post_content&#8220; column_structure=&#8220;1_4,3_4&#8243;][et_pb_column _builder_version=&#8220;4.24.0&#8243; _module_preset=&#8220;default&#8220; type=&#8220;1_4&#8243; theme_builder_area=&#8220;post_content&#8220;][et_pb_image src=&#8220;http:\/\/tobermore.band\/wp-content\/uploads\/2023\/03\/Tobermore-2023.jpg&#8220; _builder_version=&#8220;4.24.0&#8243; _module_preset=&#8220;default&#8220; theme_builder_area=&#8220;post_content&#8220; title_text=&#8220;Tobermore 2023&#8243; hover_enabled=&#8220;0&#8243; sticky_enabled=&#8220;0&#8243;][\/et_pb_image][et_pb_text _builder_version=&#8220;4.24.0&#8243; _module_preset=&#8220;default&#8220; theme_builder_area=&#8220;post_content&#8220; hover_enabled=&#8220;0&#8243; sticky_enabled=&#8220;0&#8243; custom_margin=&#8220;||-2px|||&#8220;]<a href=\"http:\/\/tobermore.band\/wp-content\/uploads\/2023\/03\/Tobermore-2023.jpg\" download=\"\" target=\"_blank\" rel=\"noopener\"><a href=\"http:\/\/tobermore.band\/wp-content\/uploads\/2023\/03\/Tobermore-2023.jpg\">Hochaufl\u00f6sendes Bild herunterladen<\/a><\/a>[\/et_pb_text][et_pb_divider _builder_version=&#8220;4.24.0&#8243; _module_preset=&#8220;default&#8220; theme_builder_area=&#8220;post_content&#8220; color=&#8220;#d1d1d1&#8243; hover_enabled=&#8220;0&#8243; sticky_enabled=&#8220;0&#8243; custom_padding=&#8220;24px|||||&#8220; custom_margin=&#8220;||11px|||&#8220;][\/et_pb_divider][et_pb_text _builder_version=&#8220;4.24.0&#8243; _module_preset=&#8220;default&#8220; theme_builder_area=&#8220;post_content&#8220; hover_enabled=&#8220;0&#8243; sticky_enabled=&#8220;0&#8243; custom_margin=&#8220;||4px|||&#8220;]<\/p>\n<h3>Tech Rider<\/h3>\n<p>[\/et_pb_text][et_pb_text _builder_version=&#8220;4.24.0&#8243; _module_preset=&#8220;default&#8220; theme_builder_area=&#8220;post_content&#8220; hover_enabled=&#8220;0&#8243; sticky_enabled=&#8220;0&#8243;]<\/p>\n<p><a href=\"https:\/\/docs.google.com\/document\/d\/1jAGq0QrXPwtsUrMPw84ihLOeKLRzB4zlZBLXthbLelA\/edit?usp=sharing\" target=\"_blank\" rel=\"noopener\"><a href=\"https:\/\/docs.google.com\/document\/d\/1jAGq0QrXPwtsUrMPw84ihLOeKLRzB4zlZBLXthbLelA\/edit?usp=sharing\">Download das Rider<\/a><\/a><\/p>\n<p>[\/et_pb_text][et_pb_text _builder_version=&#8220;4.24.0&#8243; _module_preset=&#8220;default&#8220; theme_builder_area=&#8220;post_content&#8220; hover_enabled=&#8220;0&#8243; sticky_enabled=&#8220;0&#8243;]<\/p>\n<p>Wenn Sie weitere Informationen ben\u00f6tigen, wenden Sie sich bitte an Vincent:<\/p>\n<p><a href=\"tel:+31624637507\">+31 6 24 63 75 07<\/a><br \/><a href=\"mailto:info@tobermore.band\">info@tobermore.band<\/a><\/p>\n<p>[\/et_pb_text][\/et_pb_column][et_pb_column _builder_version=&#8220;4.24.0&#8243; _module_preset=&#8220;default&#8220; type=&#8220;3_4&#8243; theme_builder_area=&#8220;post_content&#8220;][et_pb_text _builder_version=&#8220;4.24.0&#8243; _module_preset=&#8220;default&#8220; theme_builder_area=&#8220;post_content&#8220; hover_enabled=&#8220;0&#8243; sticky_enabled=&#8220;0&#8243; custom_padding=&#8220;0px|||||&#8220; custom_margin=&#8220;||-3px|||&#8220;]<\/p>\n<h1>Tobermore Pressemappe<\/h1>\n<p>&nbsp;<\/p>\n<p>[\/et_pb_text][et_pb_text _builder_version=&#8220;4.24.0&#8243; _module_preset=&#8220;default&#8220; theme_builder_area=&#8220;post_content&#8220; hover_enabled=&#8220;0&#8243; sticky_enabled=&#8220;0&#8243; custom_margin=&#8220;||-3px|||&#8220;]<\/p>\n<p>Sie k\u00f6nnen dieses Bild und den unten stehenden Werbetext gerne verwenden, um den Auftritt von Tobermore in Ihrem Lokal oder bei Ihrer Veranstaltung zu bewerben.  <\/p>\n<p>Wenn Sie einen k\u00fcrzeren oder anderen Text ben\u00f6tigen, kontaktieren Sie uns, damit wir Ihnen eine Alternative schicken k\u00f6nnen.<\/p>\n<p><strong>Ben\u00f6tigen Sie eine andere Sprache?<\/strong><br \/>Klicken Sie auf die Sprachumschaltung im oberen Men\u00fc!<\/p>\n<p>[\/et_pb_text][et_pb_divider _builder_version=&#8220;4.24.0&#8243; _module_preset=&#8220;default&#8220; theme_builder_area=&#8220;post_content&#8220; color=&#8220;#d1d1d1&#8243; hover_enabled=&#8220;0&#8243; sticky_enabled=&#8220;0&#8243; custom_padding=&#8220;24px|||||&#8220; custom_margin=&#8220;||11px|||&#8220;][\/et_pb_divider][et_pb_text _builder_version=&#8220;4.24.0&#8243; _module_preset=&#8220;default&#8220; theme_builder_area=&#8220;post_content&#8220; hover_enabled=&#8220;0&#8243; sticky_enabled=&#8220;0&#8243;]<\/p>\n<h3>Tobermore<\/h3>\n<p>Manchmal s\u00fc\u00df und beruhigend, oft eindringlich und stampfend &#8211; Tobermores Folktunes und Lieder sollen den Zuh\u00f6rer direkt ins Schw\u00e4rmen bringen!<\/p>\n<p><span>W\u00e4hrend Rein auf der Dadgad-Gitarre ein lebendiges Fundament webt und <\/span>Marinus mit seinem Kontrabass die Musik erw\u00e4rmt, tragen Herco, Rolf und Vincent die Melodien auf Fl\u00f6ten, Whistles, Fiddle, Mandoline, diatonischem Akkordeon und nat\u00fcrlich der traditionellen irischen Bodhr\u00e1n solide. Ausgezeichnete S\u00e4nger alle, heben sie jedes Lied in die H\u00f6he mit intensiven mehrstimmigen Harmonien.<\/p>\n<p><span class=\"_5yl5\">Mitrei\u00dfende, lyrische und reichhaltige Irish-Folk-Melodien und gef\u00fchlvolle Old-Time-Country-Songs, die Sie auch dann noch genie\u00dfen k\u00f6nnen, wenn das letzte Echo des Konzerts schon l\u00e4ngst verklungen ist.<\/span><\/p>\n<p>So lautete der offizielle Klappentext, und es ist alles wahr, jedes blumige Wort davon&#8230;.<\/p>\n<p>Abgesehen davon gibt es eigentlich nur eines zu sagen: Es ist einfach nur guter alter Craic! Kommen Sie und h\u00f6ren Sie zu, wenn Sie die Gelegenheit haben!<\/p>\n<p>[\/et_pb_text][\/et_pb_column][\/et_pb_row][\/et_pb_section]<\/p>\n","protected":false},"excerpt":{"rendered":"<p>Hochaufl\u00f6sendes Bild herunterladenTech RiderDownload das RiderWenn Sie weitere Informationen ben\u00f6tigen, wenden Sie sich bitte an Vincent: +31 6 24 63 75 07info@tobermore.bandTobermore Pressemappe &nbsp;Sie k\u00f6nnen dieses Bild und den unten stehenden Werbetext gerne verwenden, um den Auftritt von Tobermore in Ihrem Lokal oder bei Ihrer Veranstaltung zu bewerben. Wenn Sie einen k\u00fcrzeren oder anderen Text [&hellip;]<\/p>\n","protected":false},"author":1,"featured_media":0,"parent":0,"menu_order":0,"comment_status":"closed","ping_status":"closed","template":"","meta":{"_et_pb_use_builder":"on","_et_pb_old_content":"","_et_gb_content_width":"","footnotes":""},"class_list":["post-417","page","type-page","status-publish","hentry"],"aioseo_notices":[],"_links":{"self":[{"href":"https:\/\/tobermore.band\/de\/wp-json\/wp\/v2\/pages\/417","targetHints":{"allow":["GET"]}}],"collection":[{"href":"https:\/\/tobermore.band\/de\/wp-json\/wp\/v2\/pages"}],"about":[{"href":"https:\/\/tobermore.band\/de\/wp-json\/wp\/v2\/types\/page"}],"author":[{"embeddable":true,"href":"https:\/\/tobermore.band\/de\/wp-json\/wp\/v2\/users\/1"}],"replies":[{"embeddable":true,"href":"https:\/\/tobermore.band\/de\/wp-json\/wp\/v2\/comments?post=417"}],"version-history":[{"count":0,"href":"https:\/\/tobermore.band\/de\/wp-json\/wp\/v2\/pages\/417\/revisions"}],"wp:attachment":[{"href":"https:\/\/tobermore.band\/de\/wp-json\/wp\/v2\/media?parent=417"}],"curies":[{"name":"wp","href":"https:\/\/api.w.org\/{rel}","templated":true}]}}