{"id":222,"date":"2021-11-05T12:52:42","date_gmt":"2021-11-05T12:52:42","guid":{"rendered":"http:\/\/tobermore.band\/accueil\/"},"modified":"2026-03-07T10:06:06","modified_gmt":"2026-03-07T10:06:06","slug":"accueil","status":"publish","type":"page","link":"https:\/\/tobermore.band\/fr\/","title":{"rendered":"Accueil"},"content":{"rendered":"<p>[et_pb_section fb_built=\u00a0\u00bb1&Prime; _builder_version=\u00a0\u00bb4.19.0&Prime; _module_preset=\u00a0\u00bbdefault\u00a0\u00bb background_image=\u00a0\u00bbhttp:\/\/tobermore.band\/wp-content\/uploads\/2023\/03\/Tobermore-2023.jpg\u00a0\u00bb background_position=\u00a0\u00bbtop_center\u00a0\u00bb custom_padding=\u00a0\u00bb0px||421px|||\u00a0\u00bb global_colors_info=\u00a0\u00bb{}\u00a0\u00bb][et_pb_row _builder_version=\u00a0\u00bb4.19.0&Prime; _module_preset=\u00a0\u00bbdefault\u00a0\u00bb global_colors_info=\u00a0\u00bb{}\u00a0\u00bb][et_pb_column type=\u00a0\u00bb4_4&Prime; _builder_version=\u00a0\u00bb4.19.0&Prime; _module_preset=\u00a0\u00bbdefault\u00a0\u00bb global_colors_info=\u00a0\u00bb{}\u00a0\u00bb][et_pb_image src=\u00a0\u00bbhttp:\/\/tobermore.band\/wp-content\/uploads\/2021\/11\/tobermore.png\u00a0\u00bb title_text=\u00a0\u00bbtobermore\u00a0\u00bb align=\u00a0\u00bbcenter\u00a0\u00bb _builder_version=\u00a0\u00bb4.16&Prime; _module_preset=\u00a0\u00bbdefault\u00a0\u00bb global_colors_info=\u00a0\u00bb{}\u00a0\u00bb][\/et_pb_image][\/et_pb_column][\/et_pb_row][\/et_pb_section][et_pb_section fb_built=\u00a0\u00bb1&Prime; module_id=\u00a0\u00bbtop\u00a0\u00bb _builder_version=\u00a0\u00bb4.16&Prime; _module_preset=\u00a0\u00bbdefault\u00a0\u00bb custom_padding=\u00a0\u00bb0px|||||\u00a0\u00bb global_colors_info=\u00a0\u00bb{}\u00a0\u00bb][et_pb_row column_structure=\u00a0\u00bb1_4,1_2,1_4&Prime; _builder_version=\u00a0\u00bb4.16&Prime; _module_preset=\u00a0\u00bbdefault\u00a0\u00bb custom_padding=\u00a0\u00bb70px|||||\u00a0\u00bb global_colors_info=\u00a0\u00bb{}\u00a0\u00bb][et_pb_column type=\u00a0\u00bb1_4&Prime; _builder_version=\u00a0\u00bb4.16&Prime; _module_preset=\u00a0\u00bbdefault\u00a0\u00bb global_colors_info=\u00a0\u00bb{}\u00a0\u00bb][\/et_pb_column][et_pb_column type=\u00a0\u00bb1_2&Prime; _builder_version=\u00a0\u00bb4.16&Prime; _module_preset=\u00a0\u00bbdefault\u00a0\u00bb global_colors_info=\u00a0\u00bb{}\u00a0\u00bb][et_pb_text _builder_version=\u00a0\u00bb4.17.4&Prime; _module_preset=\u00a0\u00bbdefault\u00a0\u00bb global_colors_info=\u00a0\u00bb{}\u00a0\u00bb]<\/p>\n<h2>Tobemore &#8211; Lyrical Irish Folk<\/h2>\n<p>&nbsp;<\/p>\n<p>Parfois douces et apaisantes, souvent vibrant et tr\u00e9pidantes, les chansons et les airs folkloriques de Tobermore poussent les auditeurs \u00e0 s&rsquo;extasier \ud83d\ude1b.<\/p>\n<p><span>Alors que Rein tisse une base vibrante \u00e0 la guitare dadgad et que <\/span>Marinus r\u00e9chauffe la musique avec sa contrebasse, Herco, Rolf et Vincent portent solidement les m\u00e9lodies aux fl\u00fbtes, sifflets, violon, mandoline, accord\u00e9on diatonique et bien s\u00fbr au traditionnel Bodhr\u00e1n irlandais. Excellents chanteurs tous, ils soul\u00e8vent n\u2019importe quelle chanson \u00e0 des hauteurs vertigineuses avec des harmonies multi-vocales intenses.<\/p>\n<p><span class=\"_5yl5\">Des airs folkloriques irlandais \u00e9nergisants, lyriques et abondants, ainsi que des chansons country sinc\u00e8res et anciennes, que vous pourrez appr\u00e9cier m\u00eame lorsque le dernier \u00e9cho du concert se sera estomp\u00e9 depuis longtemps.<\/span><\/p>\n<p>C&rsquo;\u00e9tait donc la description officielle et tout est vrai, chaque mot fleuri. &#8230;.<\/p>\n<p>Cela dit, tout ce qu&rsquo;il y a \u00e0 dire, c&rsquo;est : C&rsquo;est juste un bon vieux Craic ! Venez \u00e9couter quand vous en aurez l&rsquo;occasion !<\/p>\n<p>[\/et_pb_text][\/et_pb_column][et_pb_column type=\u00a0\u00bb1_4&Prime; _builder_version=\u00a0\u00bb4.16&Prime; _module_preset=\u00a0\u00bbdefault\u00a0\u00bb global_colors_info=\u00a0\u00bb{}\u00a0\u00bb][\/et_pb_column][\/et_pb_row][\/et_pb_section][et_pb_section fb_built=\u00a0\u00bb1&Prime; _builder_version=\u00a0\u00bb4.16&Prime; _module_preset=\u00a0\u00bbdefault\u00a0\u00bb background_image=\u00a0\u00bbhttp:\/\/tobermore.band\/wp-content\/uploads\/2021\/11\/Tobermore201700012.jpg\u00a0\u00bb parallax=\u00a0\u00bbon\u00a0\u00bb parallax_method=\u00a0\u00bboff\u00a0\u00bb custom_padding=\u00a0\u00bb382px|||||\u00a0\u00bb global_colors_info=\u00a0\u00bb{}\u00a0\u00bb][\/et_pb_section][et_pb_section fb_built=\u00a0\u00bb1&Prime; module_id=\u00a0\u00bbtheband\u00a0\u00bb _builder_version=\u00a0\u00bb4.16&Prime; _module_preset=\u00a0\u00bbdefault\u00a0\u00bb global_colors_info=\u00a0\u00bb{}\u00a0\u00bb][et_pb_row _builder_version=\u00a0\u00bb4.16&Prime; _module_preset=\u00a0\u00bbdefault\u00a0\u00bb global_colors_info=\u00a0\u00bb{}\u00a0\u00bb][et_pb_column type=\u00a0\u00bb4_4&Prime; _builder_version=\u00a0\u00bb4.16&Prime; _module_preset=\u00a0\u00bbdefault\u00a0\u00bb global_colors_info=\u00a0\u00bb{}\u00a0\u00bb][et_pb_text _builder_version=\u00a0\u00bb4.16&Prime; _module_preset=\u00a0\u00bbdefault\u00a0\u00bb global_colors_info=\u00a0\u00bb{}\u00a0\u00bb]<\/p>\n<div class=\"et_pb_module et_pb_text et_pb_text_6 et_pb_text_align_left et_pb_bg_layout_light\">\n<div class=\"et_pb_text_inner\">\n<h1 style=\"text-align: center;\">Le groupe<\/h1>\n<\/div>\n<\/div>\n<p>[\/et_pb_text][et_pb_divider color=\u00a0\u00bb#e0e0e0&Prime; _builder_version=\u00a0\u00bb4.16&Prime; _module_preset=\u00a0\u00bbdefault\u00a0\u00bb global_colors_info=\u00a0\u00bb{}\u00a0\u00bb][\/et_pb_divider][\/et_pb_column][\/et_pb_row][et_pb_row column_structure=\u00a0\u00bb1_3,1_3,1_3&Prime; _builder_version=\u00a0\u00bb4.16&Prime; _module_preset=\u00a0\u00bbdefault\u00a0\u00bb global_colors_info=\u00a0\u00bb{}\u00a0\u00bb][et_pb_column type=\u00a0\u00bb1_3&Prime; _builder_version=\u00a0\u00bb4.16&Prime; _module_preset=\u00a0\u00bbdefault\u00a0\u00bb global_colors_info=\u00a0\u00bb{}\u00a0\u00bb][et_pb_image src=\u00a0\u00bbhttp:\/\/tobermore.band\/wp-content\/uploads\/2021\/11\/Tobermore_FestMaritim_201700039.jpg\u00a0\u00bb title_text=\u00a0\u00bbTobermore_FestMaritim_201700039&Prime; _builder_version=\u00a0\u00bb4.16&Prime; _module_preset=\u00a0\u00bbdefault\u00a0\u00bb global_colors_info=\u00a0\u00bb{}\u00a0\u00bb][\/et_pb_image][et_pb_text _builder_version=\u00a0\u00bb4.16&Prime; _module_preset=\u00a0\u00bbdefault\u00a0\u00bb global_colors_info=\u00a0\u00bb{}\u00a0\u00bb]<\/p>\n<p><strong>Herco Schuchard<\/strong><\/p>\n<p>&nbsp;<\/p>\n<p>~ Fl\u00fbte<br \/>~ Sifflets<br \/>~ Chant<\/p>\n<p>[\/et_pb_text][\/et_pb_column][et_pb_column type=\u00a0\u00bb1_3&Prime; _builder_version=\u00a0\u00bb4.16&Prime; _module_preset=\u00a0\u00bbdefault\u00a0\u00bb global_colors_info=\u00a0\u00bb{}\u00a0\u00bb][et_pb_image src=\u00a0\u00bbhttp:\/\/tobermore.band\/wp-content\/uploads\/2021\/11\/Tobermore_FestMaritim_201700036.jpg\u00a0\u00bb title_text=\u00a0\u00bbTobermore_FestMaritim_201700036&Prime; _builder_version=\u00a0\u00bb4.16&Prime; _module_preset=\u00a0\u00bbdefault\u00a0\u00bb global_colors_info=\u00a0\u00bb{}\u00a0\u00bb][\/et_pb_image][et_pb_text _builder_version=\u00a0\u00bb4.16&Prime; _module_preset=\u00a0\u00bbdefault\u00a0\u00bb global_colors_info=\u00a0\u00bb{}\u00a0\u00bb]<\/p>\n<p><strong>Vincent van Meerdervoort<\/strong><\/p>\n<p>&nbsp;<\/p>\n<p>~ Accordeon<br \/>~ Bodhr\u00e1n<br \/>~ Chant<br \/>~ Sifflets<\/p>\n<p>[\/et_pb_text][\/et_pb_column][et_pb_column type=\u00a0\u00bb1_3&Prime; _builder_version=\u00a0\u00bb4.16&Prime; _module_preset=\u00a0\u00bbdefault\u00a0\u00bb global_colors_info=\u00a0\u00bb{}\u00a0\u00bb][et_pb_image src=\u00a0\u00bbhttp:\/\/tobermore.band\/wp-content\/uploads\/2021\/11\/Tobermore_FestMaritim_201700023.jpg\u00a0\u00bb title_text=\u00a0\u00bbTobermore_FestMaritim_201700023&Prime; _builder_version=\u00a0\u00bb4.16&Prime; _module_preset=\u00a0\u00bbdefault\u00a0\u00bb global_colors_info=\u00a0\u00bb{}\u00a0\u00bb][\/et_pb_image][et_pb_text _builder_version=\u00a0\u00bb4.16&Prime; _module_preset=\u00a0\u00bbdefault\u00a0\u00bb global_colors_info=\u00a0\u00bb{}\u00a0\u00bb]<\/p>\n<p><strong>Rolf Groeneveld<\/strong><\/p>\n<p>&nbsp;<\/p>\n<p>~ Violon<br \/>~ Mandoline<br \/>~ Chant<\/p>\n<p>[\/et_pb_text][\/et_pb_column][\/et_pb_row][et_pb_row column_structure=\u00a0\u00bb1_3,1_3,1_3&Prime; _builder_version=\u00a0\u00bb4.16&Prime; _module_preset=\u00a0\u00bbdefault\u00a0\u00bb global_colors_info=\u00a0\u00bb{}\u00a0\u00bb][et_pb_column type=\u00a0\u00bb1_3&Prime; _builder_version=\u00a0\u00bb4.16&Prime; _module_preset=\u00a0\u00bbdefault\u00a0\u00bb global_colors_info=\u00a0\u00bb{}\u00a0\u00bb][et_pb_image src=\u00a0\u00bbhttp:\/\/tobermore.band\/wp-content\/uploads\/2021\/12\/Marinnus.jpg\u00a0\u00bb title_text=\u00a0\u00bbMarinnus\u00a0\u00bb _builder_version=\u00a0\u00bb4.16&Prime; _module_preset=\u00a0\u00bbdefault\u00a0\u00bb global_colors_info=\u00a0\u00bb{}\u00a0\u00bb][\/et_pb_image][et_pb_text _builder_version=\u00a0\u00bb4.16&Prime; _module_preset=\u00a0\u00bbdefault\u00a0\u00bb global_colors_info=\u00a0\u00bb{}\u00a0\u00bb]<\/p>\n<p><strong>Marinus van Grootheest<\/strong><\/p>\n<p>&nbsp;<\/p>\n<p>~ Contrebasse<\/p>\n<p>[\/et_pb_text][\/et_pb_column][et_pb_column type=\u00a0\u00bb1_3&Prime; _builder_version=\u00a0\u00bb4.16&Prime; _module_preset=\u00a0\u00bbdefault\u00a0\u00bb global_colors_info=\u00a0\u00bb{}\u00a0\u00bb][et_pb_image src=\u00a0\u00bbhttp:\/\/tobermore.band\/wp-content\/uploads\/2022\/02\/Rein-1.jpg\u00a0\u00bb title_text=\u00a0\u00bbRein\u00a0\u00bb module_class=\u00a0\u00bblandscape\u00a0\u00bb _builder_version=\u00a0\u00bb4.16&Prime; _module_preset=\u00a0\u00bbdefault\u00a0\u00bb global_colors_info=\u00a0\u00bb{}\u00a0\u00bb][\/et_pb_image][et_pb_text _builder_version=\u00a0\u00bb4.16&Prime; _module_preset=\u00a0\u00bbdefault\u00a0\u00bb global_colors_info=\u00a0\u00bb{}\u00a0\u00bb]<\/p>\n<p><strong>Rein Sprong<\/strong><\/p>\n<p>&nbsp;<\/p>\n<p>~ Guitare<\/p>\n<p>[\/et_pb_text][\/et_pb_column][et_pb_column type=\u00a0\u00bb1_3&Prime; _builder_version=\u00a0\u00bb4.16&Prime; _module_preset=\u00a0\u00bbdefault\u00a0\u00bb global_colors_info=\u00a0\u00bb{}\u00a0\u00bb][\/et_pb_column][\/et_pb_row][\/et_pb_section][et_pb_section fb_built=\u00a0\u00bb1&Prime; _builder_version=\u00a0\u00bb4.16&Prime; _module_preset=\u00a0\u00bbdefault\u00a0\u00bb background_image=\u00a0\u00bbhttp:\/\/tobermore.band\/wp-content\/uploads\/2021\/12\/20934101_1740802039285741_4541703763782627416_o.jpg\u00a0\u00bb parallax=\u00a0\u00bbon\u00a0\u00bb parallax_method=\u00a0\u00bboff\u00a0\u00bb custom_padding=\u00a0\u00bb382px|||||\u00a0\u00bb global_colors_info=\u00a0\u00bb{}\u00a0\u00bb][\/et_pb_section][et_pb_section fb_built=\u00a0\u00bb1&Prime; module_id=\u00a0\u00bbmusic\u00a0\u00bb _builder_version=\u00a0\u00bb4.16&Prime; _module_preset=\u00a0\u00bbdefault\u00a0\u00bb global_colors_info=\u00a0\u00bb{}\u00a0\u00bb][et_pb_row _builder_version=\u00a0\u00bb4.16&Prime; _module_preset=\u00a0\u00bbdefault\u00a0\u00bb global_colors_info=\u00a0\u00bb{}\u00a0\u00bb][et_pb_column type=\u00a0\u00bb4_4&Prime; _builder_version=\u00a0\u00bb4.16&Prime; _module_preset=\u00a0\u00bbdefault\u00a0\u00bb global_colors_info=\u00a0\u00bb{}\u00a0\u00bb][et_pb_text _builder_version=\u00a0\u00bb4.16&Prime; _module_preset=\u00a0\u00bbdefault\u00a0\u00bb global_colors_info=\u00a0\u00bb{}\u00a0\u00bb]<\/p>\n<div class=\"et_pb_module et_pb_text et_pb_text_6 et_pb_text_align_left et_pb_bg_layout_light\">\n<div class=\"et_pb_text_inner\">\n<h1 style=\"text-align: center;\">Musique<\/h1>\n<\/div>\n<\/div>\n<p>[\/et_pb_text][et_pb_divider color=\u00a0\u00bb#e0e0e0&Prime; _builder_version=\u00a0\u00bb4.16&Prime; _module_preset=\u00a0\u00bbdefault\u00a0\u00bb global_colors_info=\u00a0\u00bb{}\u00a0\u00bb][\/et_pb_divider][\/et_pb_column][\/et_pb_row][et_pb_row column_structure=\u00a0\u00bb1_2,1_2&Prime; make_equal=\u00a0\u00bbon\u00a0\u00bb _builder_version=\u00a0\u00bb4.16&Prime; _module_preset=\u00a0\u00bbdefault\u00a0\u00bb global_colors_info=\u00a0\u00bb{}\u00a0\u00bb][et_pb_column type=\u00a0\u00bb1_2&Prime; _builder_version=\u00a0\u00bb4.16&Prime; _module_preset=\u00a0\u00bbdefault\u00a0\u00bb global_colors_info=\u00a0\u00bb{}\u00a0\u00bb][et_pb_text _builder_version=\u00a0\u00bb4.16&Prime; _module_preset=\u00a0\u00bbdefault\u00a0\u00bb global_colors_info=\u00a0\u00bb{}\u00a0\u00bb]<\/p>\n<h2>Folk irlandais et am\u00e9ricain lyrique<\/h2>\n<p>&nbsp;<\/p>\n<p>Nous jouons de la musique folklorique traditionnelle irlandaise et am\u00e9ricaine telle que vous l&rsquo;entendriez dans un pub en Irlande, mais soigneusement arrang\u00e9e pour \u00eatre revigorante et rajeunissante. Beaucoup de chansons et de m\u00e9lodies instrumentales envo\u00fbtantes qui vous obligent \u00e0 au moins taper vos pieds avec le rythme.<\/p>\n<p>&nbsp;<\/p>\n<h2><\/h2>\n<h2>Notre album \u00ab\u00a0Kisses\u00a0\u00bb<\/h2>\n<p>Notre premier album, Kisses, a \u00e9t\u00e9 tr\u00e8s bien accueilli et, bien que les gens l&rsquo;adorent, nous recevons de nombreux commentaires tels que \u00ab\u00a0en concert, ils sont encore meilleurs !\u00a0\u00bb.<\/p>\n<p>Ecoutez simplement les morceaux sur spotify si vous voulez \ud83d\ude42<\/p>\n<p>Si vous voulez acheter notre premier CD, il est disponible sur iTunes et d&rsquo;autres boutiques en ligne, mais bien s\u00fbr<span> <\/span><em><strong>Nous pr\u00e9f\u00e9rons<\/strong><\/em><span> <\/span>que vous l&rsquo;achetiez directement chez nous. Envoyez-nous un e-mail si vous \u00eates int\u00e9ress\u00e9, ou procurez-vous-la \u00e0 l&rsquo;un de nos concerts !<\/p>\n<p>[\/et_pb_text][\/et_pb_column][et_pb_column type=\u00a0\u00bb1_2&Prime; _builder_version=\u00a0\u00bb4.16&Prime; _module_preset=\u00a0\u00bbdefault\u00a0\u00bb global_colors_info=\u00a0\u00bb{}\u00a0\u00bb][et_pb_accordion toggle_icon=\u00a0\u00bb&#x3a;||divi||400&Prime; _builder_version=\u00a0\u00bb4.17.6&Prime; _module_preset=\u00a0\u00bbdefault\u00a0\u00bb global_colors_info=\u00a0\u00bb{}\u00a0\u00bb][et_pb_accordion_item title=\u00a0\u00bb\u00c9coutez les morceaux\u00a0\u00bb open=\u00a0\u00bbon\u00a0\u00bb _builder_version=\u00a0\u00bb4.17.6&Prime; _module_preset=\u00a0\u00bbdefault\u00a0\u00bb global_colors_info=\u00a0\u00bb{}\u00a0\u00bb]<\/p>\n<p><iframe loading=\"lazy\" src=\"https:\/\/open.spotify.com\/embed\/album\/1vlKvVsPEtOHD027B7XZcR?utm_source=generator\" width=\"100%\" height=\"380\" frameborder=\"0\" allowfullscreen=\"\" allow=\"autoplay; clipboard-write; encrypted-media; fullscreen; picture-in-picture\"><\/iframe><\/p>\n<p>[\/et_pb_accordion_item][et_pb_accordion_item title=\u00a0\u00bbCritique de Folkforum\u00a0\u00bb icon_color=\u00a0\u00bb#000000&Prime; toggle_icon=\u00a0\u00bb&#x3a;||divi||400&Prime; _builder_version=\u00a0\u00bb4.17.6&Prime; _module_preset=\u00a0\u00bbdefault\u00a0\u00bb global_colors_info=\u00a0\u00bb{}\u00a0\u00bb open=\u00a0\u00bboff\u00a0\u00bb]<\/p>\n<p>Bien que Tobermore, fond\u00e9 en 2014, soit une nouvelle branche de la branche folk, les musiciens apportent avec eux beaucoup d&rsquo;exp\u00e9rience.  <strong>Herco Schuchard<\/strong> (fl\u00fbtes, voix) jouait d\u00e9j\u00e0 de la trompette dans l&rsquo;orchestre Dixieland de son p\u00e8re lorsqu&rsquo;il \u00e9tait enfant, <strong>Vincent Pompe van Meerdervoort<\/strong> (accord\u00e9on diatonique, bodhr\u00e1n, chant) a quitt\u00e9 Harmony Glen l&rsquo;ann\u00e9e derni\u00e8re pour se consacrer enti\u00e8rement \u00e0 ce projet, <strong>Rolf Groeneveld<\/strong> (violon, chant) que nous connaissons notamment gr\u00e2ce \u00e0 Madlot et \u00e0 <strong>Gerard Braun<\/strong> (guitare, chant) a fait le conservatoire du Brabant en guitare classique, s&rsquo;est promen\u00e9 dans le jazz et la fusion, mais il se sent tout aussi \u00e0 l&rsquo;aise dans la musique folk, il a jou\u00e9 avec Gerard van Maasakkers, Tjane et Privet et est maintenant \u00e9galement connu comme organisateur de sessions et de concerts irlandais. Seul <strong>Angus McGalligan<\/strong> (moiti\u00e9 irlandais, moiti\u00e9 belge, uillean pipes, sifflets, bodhr\u00e1n, chant) a commenc\u00e9 \u00e0 jouer des uillean pipes il y a seulement cinq ans. Sur leur premier album Kisses, ces hommes mettent leur c\u0153ur et leur \u00e2me dans des airs traditionnels irlandais avec une touche de folk am\u00e9ricain ici et l\u00e0.<\/p>\n<p>Si vous pensez avoir atterri dans une chaleureuse session irlandaise, Tobermore vous servira une reprise du ma\u00eetre bluegrass Tim O&rsquo;Brien (On The Outside Looking In). La fl\u00fbte apporte ici un sentiment celtique, mais le ton de l&rsquo;album Kisses est donn\u00e9, le r\u00e9pertoire largement irlandais est entrecoup\u00e9 d&rsquo;influences am\u00e9ricaines. Une autre reprise, la paisible et m\u00e9lancolique Home Sweet Home, dans laquelle la guitare et l&rsquo;accord\u00e9on jouent le r\u00f4le principal, est sign\u00e9e Matt Andersen, un solide auteur-compositeur-interpr\u00e8te canadien qui ne manquera pas d&rsquo;\u00e9veiller l&rsquo;int\u00e9r\u00eat des amateurs d&rsquo;Americana. Sur les deux morceaux, Herco Schuchard se charge du chant principal, avec une voix agr\u00e9able et facile \u00e0 entendre. Les voix d&rsquo;Angus McGalligan sont un peu plus brutes sur les traditionnels Tippin&rsquo; It Up to Nancy et sur le dernier morceau, Or\u00f3 S\u00e9 Do Bheatha &lsquo;Bhaile, chant\u00e9 en grande partie a cappella, avec seulement un bodhr\u00e1n \u00e0 la fin. Entre les traditionnels et les reprises, nous trouvons un morceau \u00e9crit par nous-m\u00eames, O&rsquo;Carolan&rsquo;s Nightmare (Pompe van Meerdervoort), qui sonne comme une variation sur un air de Turlough O&rsquo;Carolan (1670-1738), qui a \u00e9crit principalement pour la harpe, bien qu&rsquo;il s&rsquo;adapte bien \u00e0 l&rsquo;arrangement avec la guitare et le sac \u00e0 cordon.<\/p>\n<p>En \u00e9coutant Kisses, j&rsquo;imagine une table ordinaire dans un bar, entour\u00e9e de musiciens de Tobermore qui partagent une passion commune pour la musique irlandaise, mais qui aiment aussi faire un tour du c\u00f4t\u00e9 du folk am\u00e9ricain. L&rsquo;atmosph\u00e8re est d\u00e9contract\u00e9e, si vous jouez vous-m\u00eame d&rsquo;un instrument, n&rsquo;h\u00e9sitez pas \u00e0 vous joindre \u00e0 nous, mais bien s\u00fbr vous pouvez aussi continuer \u00e0 \u00e9couter.<\/p>\n<p>Mirjam Adrian<\/p>\n<p>[\/et_pb_accordion_item][et_pb_accordion_item title=\u00a0\u00bbCritique de New Folk Sounds\u00a0\u00bb _builder_version=\u00a0\u00bb4.17.6&Prime; _module_preset=\u00a0\u00bbdefault\u00a0\u00bb global_colors_info=\u00a0\u00bb{}\u00a0\u00bb open=\u00a0\u00bboff\u00a0\u00bb]<\/p>\n<p>Fond\u00e9 en 2014 et maintenant le premier CD avec du folk traditionnel irlandais de ce groupe n\u00e9erlandais. Il est compos\u00e9 de Gerard Braun (guitare, chant), Rolf Groeneveld (violon, chant), Herco Schuchard (fl\u00fbte, chant), l&rsquo;Irlandais belge Angus McGalligan (uilleann pipes, fl\u00fbte, bodhran, chant) et Vincent Pompe van Meerdervoort (accord\u00e9on, bodhran, chant). Une composition optimale, semble-t-il, pour jouer du folk irlandais. Surtout si vous avez aussi le luxe d&rsquo;avoir des uilleann pipes dans vos instruments, entre les mains de quelqu&rsquo;un qui peut aussi montrer la langue et l&rsquo;accent originaux. De la musique traditionnelle en d&rsquo;autres termes, avec des instruments traditionnels et aussi une structure traditionnelle de l&rsquo;album. Le m\u00e9lange bien connu de jeux d&rsquo;airs et de chansons. L&rsquo;arrangement est soign\u00e9 et l&rsquo;interpr\u00e9tation est conventionnelle, mais convaincante. Deux chansons sont (un peu) en dehors de ce r\u00e9pertoire irlandais. Home sweet home du chanteur\/guitariste folk\/blues canadien Matt Anderson et On the outside looking in du c\u00e9l\u00e8bre Am\u00e9ricain aux racines irlandaises Tim O&rsquo;Brien. D&rsquo;excellents solos, un jeu solide et serr\u00e9, une vari\u00e9t\u00e9 suffisante. En d&rsquo;autres termes, rien de novateur ou d&rsquo;innovant, mais certainement un album qui vaut la peine d&rsquo;\u00eatre \u00e9cout\u00e9.<\/p>\n<p>[\/et_pb_accordion_item][\/et_pb_accordion][\/et_pb_column][\/et_pb_row][\/et_pb_section][et_pb_section fb_built=\u00a0\u00bb1&Prime; _builder_version=\u00a0\u00bb4.16&Prime; _module_preset=\u00a0\u00bbdefault\u00a0\u00bb background_color=\u00a0\u00bb#e2e2e2&Prime; background_image=\u00a0\u00bbhttp:\/\/tobermore.band\/wp-content\/uploads\/2022\/02\/Vincent_Maritim.jpg\u00a0\u00bb parallax=\u00a0\u00bbon\u00a0\u00bb parallax_method=\u00a0\u00bboff\u00a0\u00bb custom_padding=\u00a0\u00bb382px|||||\u00a0\u00bb global_colors_info=\u00a0\u00bb{}\u00a0\u00bb][\/et_pb_section][et_pb_section fb_built=\u00a0\u00bb1&Prime; module_id=\u00a0\u00bbgigs\u00a0\u00bb _builder_version=\u00a0\u00bb4.16&Prime; _module_preset=\u00a0\u00bbdefault\u00a0\u00bb global_colors_info=\u00a0\u00bb{}\u00a0\u00bb][et_pb_row _builder_version=\u00a0\u00bb4.16&Prime; _module_preset=\u00a0\u00bbdefault\u00a0\u00bb global_colors_info=\u00a0\u00bb{}\u00a0\u00bb][et_pb_column type=\u00a0\u00bb4_4&Prime; _builder_version=\u00a0\u00bb4.16&Prime; _module_preset=\u00a0\u00bbdefault\u00a0\u00bb global_colors_info=\u00a0\u00bb{}\u00a0\u00bb][et_pb_text _builder_version=\u00a0\u00bb4.16&Prime; _module_preset=\u00a0\u00bbdefault\u00a0\u00bb global_colors_info=\u00a0\u00bb{}\u00a0\u00bb]<\/p>\n<div class=\"et_pb_module et_pb_text et_pb_text_6 et_pb_text_align_left et_pb_bg_layout_light\">\n<div class=\"et_pb_text_inner\">\n<h1 style=\"text-align: center;\">Concerts<\/h1>\n<\/div>\n<\/div>\n<p>[\/et_pb_text][et_pb_divider color=\u00a0\u00bb#e0e0e0&Prime; _builder_version=\u00a0\u00bb4.16&Prime; _module_preset=\u00a0\u00bbdefault\u00a0\u00bb global_colors_info=\u00a0\u00bb{}\u00a0\u00bb][\/et_pb_divider][\/et_pb_column][\/et_pb_row][et_pb_row _builder_version=\u00a0\u00bb4.16&Prime; _module_preset=\u00a0\u00bbdefault\u00a0\u00bb global_colors_info=\u00a0\u00bb{}\u00a0\u00bb][et_pb_column type=\u00a0\u00bb4_4&Prime; _builder_version=\u00a0\u00bb4.16&Prime; _module_preset=\u00a0\u00bbdefault\u00a0\u00bb global_colors_info=\u00a0\u00bb{}\u00a0\u00bb][et_pb_text _builder_version=\u00a0\u00bb4.27.4&Prime; _module_preset=\u00a0\u00bbdefault\u00a0\u00bb hover_enabled=\u00a0\u00bb0&Prime; global_colors_info=\u00a0\u00bb{}\u00a0\u00bb sticky_enabled=\u00a0\u00bb0&Prime;]<\/p>\n<p><span><p class=\"ngage-gigs-empty\">No upcoming gigs.<\/p><\/span><\/p>\n<p>[\/et_pb_text][\/et_pb_column][\/et_pb_row][\/et_pb_section][et_pb_section fb_built=\u00a0\u00bb1&Prime; _builder_version=\u00a0\u00bb4.16&Prime; _module_preset=\u00a0\u00bbdefault\u00a0\u00bb background_color=\u00a0\u00bb#e2e2e2&Prime; background_image=\u00a0\u00bbhttp:\/\/tobermore.band\/wp-content\/uploads\/2021\/11\/Tobermore_FestMaritim_201700048.jpg\u00a0\u00bb parallax=\u00a0\u00bbon\u00a0\u00bb parallax_method=\u00a0\u00bboff\u00a0\u00bb custom_padding=\u00a0\u00bb382px|||||\u00a0\u00bb global_colors_info=\u00a0\u00bb{}\u00a0\u00bb][\/et_pb_section][et_pb_section fb_built=\u00a0\u00bb1&Prime; module_id=\u00a0\u00bbcontact\u00a0\u00bb _builder_version=\u00a0\u00bb4.16&Prime; _module_preset=\u00a0\u00bbdefault\u00a0\u00bb global_colors_info=\u00a0\u00bb{}\u00a0\u00bb][et_pb_row _builder_version=\u00a0\u00bb4.16&Prime; _module_preset=\u00a0\u00bbdefault\u00a0\u00bb global_colors_info=\u00a0\u00bb{}\u00a0\u00bb][et_pb_column type=\u00a0\u00bb4_4&Prime; _builder_version=\u00a0\u00bb4.16&Prime; _module_preset=\u00a0\u00bbdefault\u00a0\u00bb global_colors_info=\u00a0\u00bb{}\u00a0\u00bb][et_pb_text _builder_version=\u00a0\u00bb4.16&Prime; _module_preset=\u00a0\u00bbdefault\u00a0\u00bb global_colors_info=\u00a0\u00bb{}\u00a0\u00bb]<\/p>\n<div class=\"et_pb_module et_pb_text et_pb_text_6 et_pb_text_align_left et_pb_bg_layout_light\">\n<div class=\"et_pb_text_inner\">\n<h1 style=\"text-align: center;\">Contact<\/h1>\n<\/div>\n<\/div>\n<p>[\/et_pb_text][et_pb_divider color=\u00a0\u00bb#e0e0e0&Prime; _builder_version=\u00a0\u00bb4.16&Prime; _module_preset=\u00a0\u00bbdefault\u00a0\u00bb global_colors_info=\u00a0\u00bb{}\u00a0\u00bb][\/et_pb_divider][\/et_pb_column][\/et_pb_row][et_pb_row column_structure=\u00a0\u00bb1_2,1_2&Prime; _builder_version=\u00a0\u00bb4.16&Prime; _module_preset=\u00a0\u00bbdefault\u00a0\u00bb global_colors_info=\u00a0\u00bb{}\u00a0\u00bb][et_pb_column type=\u00a0\u00bb1_2&Prime; _builder_version=\u00a0\u00bb4.16&Prime; _module_preset=\u00a0\u00bbdefault\u00a0\u00bb global_colors_info=\u00a0\u00bb{}\u00a0\u00bb][et_pb_text _builder_version=\u00a0\u00bb4.16&Prime; _module_preset=\u00a0\u00bbdefault\u00a0\u00bb global_colors_info=\u00a0\u00bb{}\u00a0\u00bb]<\/p>\n<p>Pour des informations ou des r\u00e9servations, vous pouvez nous contacter par mail ou par t\u00e9l\u00e9phone.<br \/>En option, nous pouvons apporter notre propre syst\u00e8me de sonorisation pour les audiences jusqu\u2019\u00e0 250 personnes. N&rsquo;h\u00e9sitez pas \u00e0 nous appeler ou \u00e0 nous envoyer un courriel \ud83d\ude42 &#8230;<\/p>\n<p><strong>Courriel<\/strong>:<span> <\/span><a href=\"mailto:info@tobermore.band\">info@tobermore.band<\/a><\/p>\n<p><strong>T\u00e9l\u00e9phone<\/strong>:<span> <\/span><a href=\"tel:+31624637507\">+31 (0) 6 24 63 75 07<\/a><span> <\/span>(Vincent)<\/p>\n<p><strong>WhatsApp<\/strong>:<a href=\"https:\/\/wa.link\/wm9xdy\"><span> <\/span><\/a> Envoyer un message maintenant<\/p>\n<p>[\/et_pb_text][\/et_pb_column][et_pb_column type=\u00a0\u00bb1_2&Prime; _builder_version=\u00a0\u00bb4.16&Prime; _module_preset=\u00a0\u00bbdefault\u00a0\u00bb global_colors_info=\u00a0\u00bb{}\u00a0\u00bb][et_pb_image src=\u00a0\u00bbhttp:\/\/tobermore.band\/wp-content\/uploads\/2021\/11\/Kisses_DigiDist_Cover.jpg\u00a0\u00bb title_text=\u00a0\u00bbBaisers_DigiDist_Cover\u00a0\u00bb _builder_version=\u00a0\u00bb4.16&Prime; _module_preset=\u00a0\u00bbdefault\u00a0\u00bb global_colors_info=\u00a0\u00bb{}\u00a0\u00bb][\/et_pb_image][\/et_pb_column][\/et_pb_row][\/et_pb_section]<\/p>\n","protected":false},"excerpt":{"rendered":"<p>Tobemore &#8211; Lyrical Irish Folk &nbsp; Parfois douces et apaisantes, souvent vibrant et tr\u00e9pidantes, les chansons et les airs folkloriques de Tobermore poussent les auditeurs \u00e0 s&rsquo;extasier \ud83d\ude1b. Alors que Rein tisse une base vibrante \u00e0 la guitare dadgad et que Marinus r\u00e9chauffe la musique avec sa contrebasse, Herco, Rolf et Vincent portent solidement les [&hellip;]<\/p>\n","protected":false},"author":1,"featured_media":0,"parent":0,"menu_order":0,"comment_status":"closed","ping_status":"closed","template":"","meta":{"_et_pb_use_builder":"on","_et_pb_old_content":"","_et_gb_content_width":"","footnotes":""},"class_list":["post-222","page","type-page","status-publish","hentry"],"aioseo_notices":[],"_links":{"self":[{"href":"https:\/\/tobermore.band\/fr\/wp-json\/wp\/v2\/pages\/222","targetHints":{"allow":["GET"]}}],"collection":[{"href":"https:\/\/tobermore.band\/fr\/wp-json\/wp\/v2\/pages"}],"about":[{"href":"https:\/\/tobermore.band\/fr\/wp-json\/wp\/v2\/types\/page"}],"author":[{"embeddable":true,"href":"https:\/\/tobermore.band\/fr\/wp-json\/wp\/v2\/users\/1"}],"replies":[{"embeddable":true,"href":"https:\/\/tobermore.band\/fr\/wp-json\/wp\/v2\/comments?post=222"}],"version-history":[{"count":1,"href":"https:\/\/tobermore.band\/fr\/wp-json\/wp\/v2\/pages\/222\/revisions"}],"predecessor-version":[{"id":471,"href":"https:\/\/tobermore.band\/fr\/wp-json\/wp\/v2\/pages\/222\/revisions\/471"}],"wp:attachment":[{"href":"https:\/\/tobermore.band\/fr\/wp-json\/wp\/v2\/media?parent=222"}],"curies":[{"name":"wp","href":"https:\/\/api.w.org\/{rel}","templated":true}]}}