{"id":414,"date":"2024-09-09T10:48:13","date_gmt":"2024-09-09T10:48:13","guid":{"rendered":"https:\/\/tobermore.band\/info-presse\/"},"modified":"2024-09-09T10:59:03","modified_gmt":"2024-09-09T10:59:03","slug":"info-presse","status":"publish","type":"page","link":"https:\/\/tobermore.band\/fr\/info-presse\/","title":{"rendered":"info presse"},"content":{"rendered":"<p>[et_pb_section fb_built=\u00a0\u00bb1&Prime; theme_builder_area=\u00a0\u00bbpost_content\u00a0\u00bb _builder_version=\u00a0\u00bb4.24.0&Prime; _module_preset=\u00a0\u00bbdefault\u00a0\u00bb][et_pb_row _builder_version=\u00a0\u00bb4.24.0&Prime; _module_preset=\u00a0\u00bbdefault\u00a0\u00bb theme_builder_area=\u00a0\u00bbpost_content\u00a0\u00bb column_structure=\u00a0\u00bb1_4,3_4&Prime;][et_pb_column _builder_version=\u00a0\u00bb4.24.0&Prime; _module_preset=\u00a0\u00bbdefault\u00a0\u00bb type=\u00a0\u00bb1_4&Prime; theme_builder_area=\u00a0\u00bbpost_content\u00a0\u00bb][et_pb_image src=\u00a0\u00bbhttp:\/\/tobermore.band\/wp-content\/uploads\/2023\/03\/Tobermore-2023.jpg\u00a0\u00bb _builder_version=\u00a0\u00bb4.24.0&Prime; _module_preset=\u00a0\u00bbdefault\u00a0\u00bb theme_builder_area=\u00a0\u00bbpost_content\u00a0\u00bb title_text=\u00a0\u00bbTobermore 2023&Prime; hover_enabled=\u00a0\u00bb0&Prime; sticky_enabled=\u00a0\u00bb0&Prime;][\/et_pb_image][et_pb_text _builder_version=\u00a0\u00bb4.24.0&Prime; _module_preset=\u00a0\u00bbdefault\u00a0\u00bb theme_builder_area=\u00a0\u00bbpost_content\u00a0\u00bb hover_enabled=\u00a0\u00bb0&Prime; sticky_enabled=\u00a0\u00bb0&Prime; custom_margin=\u00a0\u00bb||-2px|||\u00a0\u00bb]<a href=\"http:\/\/tobermore.band\/wp-content\/uploads\/2023\/03\/Tobermore-2023.jpg\" download=\"\" target=\"_blank\" rel=\"noopener\"><a href=\"http:\/\/tobermore.band\/wp-content\/uploads\/2023\/03\/Tobermore-2023.jpg\">T\u00e9l\u00e9charger l&rsquo;image en haute r\u00e9solution<\/a><\/a>[\/et_pb_text][et_pb_divider _builder_version=\u00a0\u00bb4.24.0&Prime; _module_preset=\u00a0\u00bbdefault\u00a0\u00bb theme_builder_area=\u00a0\u00bbpost_content\u00a0\u00bb color=\u00a0\u00bb#d1d1d1&Prime; hover_enabled=\u00a0\u00bb0&Prime; sticky_enabled=\u00a0\u00bb0&Prime; custom_padding=\u00a0\u00bb24px|||||\u00a0\u00bb custom_margin=\u00a0\u00bb||11px|||\u00a0\u00bb][\/et_pb_divider][et_pb_text _builder_version=\u00a0\u00bb4.24.0&Prime; _module_preset=\u00a0\u00bbdefault\u00a0\u00bb theme_builder_area=\u00a0\u00bbpost_content\u00a0\u00bb hover_enabled=\u00a0\u00bb0&Prime; sticky_enabled=\u00a0\u00bb0&Prime; custom_margin=\u00a0\u00bb||4px|||\u00a0\u00bb]<\/p>\n<h3>Tech Rider<\/h3>\n<p>[\/et_pb_text][et_pb_text _builder_version=\u00a0\u00bb4.24.0&Prime; _module_preset=\u00a0\u00bbdefault\u00a0\u00bb theme_builder_area=\u00a0\u00bbpost_content\u00a0\u00bb hover_enabled=\u00a0\u00bb0&Prime; sticky_enabled=\u00a0\u00bb0&Prime;]<\/p>\n<p><a href=\"https:\/\/docs.google.com\/document\/d\/1jAGq0QrXPwtsUrMPw84ihLOeKLRzB4zlZBLXthbLelA\/edit?usp=sharing\" target=\"_blank\" rel=\"noopener\"><a href=\"https:\/\/docs.google.com\/document\/d\/1jAGq0QrXPwtsUrMPw84ihLOeKLRzB4zlZBLXthbLelA\/edit?usp=sharing\">T\u00e9l\u00e9chargez le Rider<\/a><\/a><\/p>\n<p>[\/et_pb_text][et_pb_text _builder_version=\u00a0\u00bb4.24.0&Prime; _module_preset=\u00a0\u00bbdefault\u00a0\u00bb theme_builder_area=\u00a0\u00bbpost_content\u00a0\u00bb hover_enabled=\u00a0\u00bb0&Prime; sticky_enabled=\u00a0\u00bb0&Prime;]<\/p>\n<p>Si vous avez besoin de plus d&rsquo;informations, veuillez contacter Vincent :<\/p>\n<p><a href=\"tel:+31624637507\">+31 6 24 63 75 07<\/a><br \/><a href=\"mailto:info@tobermore.band\">info@tobermore.band<\/a><\/p>\n<p>[\/et_pb_text][\/et_pb_column][et_pb_column _builder_version=\u00a0\u00bb4.24.0&Prime; _module_preset=\u00a0\u00bbdefault\u00a0\u00bb type=\u00a0\u00bb3_4&Prime; theme_builder_area=\u00a0\u00bbpost_content\u00a0\u00bb][et_pb_text _builder_version=\u00a0\u00bb4.24.0&Prime; _module_preset=\u00a0\u00bbdefault\u00a0\u00bb theme_builder_area=\u00a0\u00bbpost_content\u00a0\u00bb hover_enabled=\u00a0\u00bb0&Prime; sticky_enabled=\u00a0\u00bb0&Prime; custom_padding=\u00a0\u00bb0px|||||\u00a0\u00bb custom_margin=\u00a0\u00bb||-3px|||\u00a0\u00bb]<\/p>\n<h1>Dossier de presse Tobermore<\/h1>\n<p>&nbsp;<\/p>\n<p>[\/et_pb_text][et_pb_text _builder_version=\u00a0\u00bb4.24.0&Prime; _module_preset=\u00a0\u00bbdefault\u00a0\u00bb theme_builder_area=\u00a0\u00bbpost_content\u00a0\u00bb hover_enabled=\u00a0\u00bb0&Prime; sticky_enabled=\u00a0\u00bb0&Prime; custom_margin=\u00a0\u00bb||-3px|||\u00a0\u00bb]<\/p>\n<p>N&rsquo;h\u00e9sitez pas \u00e0 utiliser cette image et le texte promotionnel ci-dessous pour promouvoir le concert de Tobermore dans votre salle ou lors d&rsquo;un \u00e9v\u00e9nement.  <\/p>\n<p>Si vous avez besoin d&rsquo;un texte plus court ou diff\u00e9rent, contactez-nous pour que nous puissions vous envoyer une alternative.<\/p>\n<p><strong>Besoin d&rsquo;une autre langue ?<\/strong><br \/>Cliquez sur le commutateur de langue dans le menu sup\u00e9rieur !<\/p>\n<p>[\/et_pb_text][et_pb_divider _builder_version=\u00a0\u00bb4.24.0&Prime; _module_preset=\u00a0\u00bbdefault\u00a0\u00bb theme_builder_area=\u00a0\u00bbpost_content\u00a0\u00bb color=\u00a0\u00bb#d1d1d1&Prime; hover_enabled=\u00a0\u00bb0&Prime; sticky_enabled=\u00a0\u00bb0&Prime; custom_padding=\u00a0\u00bb24px|||||\u00a0\u00bb custom_margin=\u00a0\u00bb||11px|||\u00a0\u00bb][\/et_pb_divider][et_pb_text _builder_version=\u00a0\u00bb4.24.0&Prime; _module_preset=\u00a0\u00bbdefault\u00a0\u00bb theme_builder_area=\u00a0\u00bbpost_content\u00a0\u00bb hover_enabled=\u00a0\u00bb0&Prime; sticky_enabled=\u00a0\u00bb0&Prime;]<\/p>\n<h3>Tobermore<\/h3>\n<p>Tant\u00f4t douces et apaisantes, tant\u00f4t obs\u00e9dantes et rythm\u00e9es, les chansons et les airs folkloriques de Tobermore ont souvent \u00e9t\u00e9 consid\u00e9r\u00e9s comme poussant les auditeurs vers le ravissement !<\/p>\n<p><span>Alors que Rein tisse une base vibrante \u00e0 la guitare dadgad et que <\/span>Marinus r\u00e9chauffe la musique avec sa contrebasse, Herco, Rolf et Vincent portent solidement les m\u00e9lodies aux fl\u00fbtes, sifflets, violon, mandoline, accord\u00e9on diatonique et bien s\u00fbr au traditionnel Bodhr\u00e1n irlandais. Excellents chanteurs tous, ils soul\u00e8vent n\u2019importe quelle chanson \u00e0 des hauteurs vertigineuses avec des harmonies multi-vocales intenses.<\/p>\n<p><span class=\"_5yl5\">Des airs folkloriques irlandais \u00e9nergisants, lyriques et abondants, ainsi que des chansons country sinc\u00e8res et anciennes, que vous pourrez appr\u00e9cier m\u00eame lorsque le dernier \u00e9cho du concert se sera estomp\u00e9 depuis longtemps.<\/span><\/p>\n<p>C&rsquo;\u00e9tait donc la description officielle et tout est vrai, chaque mot fleuri. &#8230;.<\/p>\n<p>Cela dit, tout ce qu&rsquo;il y a \u00e0 dire, c&rsquo;est : C&rsquo;est juste un bon vieux Craic ! Venez \u00e9couter quand vous en aurez l&rsquo;occasion !<\/p>\n<p>[\/et_pb_text][\/et_pb_column][\/et_pb_row][\/et_pb_section]<\/p>\n","protected":false},"excerpt":{"rendered":"<p>T\u00e9l\u00e9charger l&rsquo;image en haute r\u00e9solutionTech RiderT\u00e9l\u00e9chargez le RiderSi vous avez besoin de plus d&rsquo;informations, veuillez contacter Vincent : +31 6 24 63 75 07info@tobermore.bandDossier de presse Tobermore &nbsp;N&rsquo;h\u00e9sitez pas \u00e0 utiliser cette image et le texte promotionnel ci-dessous pour promouvoir le concert de Tobermore dans votre salle ou lors d&rsquo;un \u00e9v\u00e9nement. Si vous avez besoin [&hellip;]<\/p>\n","protected":false},"author":1,"featured_media":0,"parent":0,"menu_order":0,"comment_status":"closed","ping_status":"closed","template":"","meta":{"_et_pb_use_builder":"on","_et_pb_old_content":"","_et_gb_content_width":"","footnotes":""},"class_list":["post-414","page","type-page","status-publish","hentry"],"aioseo_notices":[],"_links":{"self":[{"href":"https:\/\/tobermore.band\/fr\/wp-json\/wp\/v2\/pages\/414","targetHints":{"allow":["GET"]}}],"collection":[{"href":"https:\/\/tobermore.band\/fr\/wp-json\/wp\/v2\/pages"}],"about":[{"href":"https:\/\/tobermore.band\/fr\/wp-json\/wp\/v2\/types\/page"}],"author":[{"embeddable":true,"href":"https:\/\/tobermore.band\/fr\/wp-json\/wp\/v2\/users\/1"}],"replies":[{"embeddable":true,"href":"https:\/\/tobermore.band\/fr\/wp-json\/wp\/v2\/comments?post=414"}],"version-history":[{"count":0,"href":"https:\/\/tobermore.band\/fr\/wp-json\/wp\/v2\/pages\/414\/revisions"}],"wp:attachment":[{"href":"https:\/\/tobermore.band\/fr\/wp-json\/wp\/v2\/media?parent=414"}],"curies":[{"name":"wp","href":"https:\/\/api.w.org\/{rel}","templated":true}]}}