{"id":225,"date":"2021-11-05T12:52:42","date_gmt":"2021-11-05T12:52:42","guid":{"rendered":"http:\/\/tobermore.band\/home\/"},"modified":"2026-03-07T10:05:11","modified_gmt":"2026-03-07T10:05:11","slug":"home","status":"publish","type":"page","link":"https:\/\/tobermore.band\/nl\/","title":{"rendered":"Home"},"content":{"rendered":"<p>[et_pb_section fb_built=&#8221;1&#8243; _builder_version=&#8221;4.19.0&#8243; _module_preset=&#8221;default&#8221; background_image=&#8221;http:\/\/tobermore.band\/wp-content\/uploads\/2023\/03\/Tobermore-2023.jpg&#8221; background_position=&#8221;top_center&#8221; custom_padding=&#8221;0px||421px|||&#8221; global_colors_info=&#8221;{}&#8221;][et_pb_row _builder_version=&#8221;4.19.0&#8243; _module_preset=&#8221;default&#8221; global_colors_info=&#8221;{}&#8221;][et_pb_column type=&#8221;4_4&#8243; _builder_version=&#8221;4.19.0&#8243; _module_preset=&#8221;default&#8221; global_colors_info=&#8221;{}&#8221;][et_pb_image src=&#8221;http:\/\/tobermore.band\/wp-content\/uploads\/2021\/11\/tobermore.png&#8221; title_text=&#8221;tobermore&#8221; align=&#8221;center&#8221; _builder_version=&#8221;4.16&#8243; _module_preset=&#8221;default&#8221; global_colors_info=&#8221;{}&#8221;][\/et_pb_image][\/et_pb_column][\/et_pb_row][\/et_pb_section][et_pb_section fb_built=&#8221;1&#8243; module_id=&#8221;top&#8221; _builder_version=&#8221;4.16&#8243; _module_preset=&#8221;default&#8221; custom_padding=&#8221;0px|||||&#8221; global_colors_info=&#8221;{}&#8221;][et_pb_row column_structure=&#8221;1_4,1_2,1_4&#8243; _builder_version=&#8221;4.16&#8243; _module_preset=&#8221;default&#8221; custom_padding=&#8221;70px|||||&#8221; global_colors_info=&#8221;{}&#8221;][et_pb_column type=&#8221;1_4&#8243; _builder_version=&#8221;4.16&#8243; _module_preset=&#8221;default&#8221; global_colors_info=&#8221;{}&#8221;][\/et_pb_column][et_pb_column type=&#8221;1_2&#8243; _builder_version=&#8221;4.16&#8243; _module_preset=&#8221;default&#8221; global_colors_info=&#8221;{}&#8221;][et_pb_text _builder_version=&#8221;4.19.0&#8243; _module_preset=&#8221;default&#8221; global_colors_info=&#8221;{}&#8221;]<\/p>\n<h2>Tobemore &#8211; Irish Folk<\/h2>\n<p>&nbsp;<\/p>\n<p>Soms lieflijk en rustgevend, vaak opzwepend en stampend, er wordt vaak over Tobermore&#8217;s folktunes en liedjes gezegd dat ze luisteraars recht in vervoering brengen \ud83d\ude1b<\/p>\n<p><span>Terwijl Rein een levendige basis weeft op dadgad gitaar en <\/span>Marinus de muziek verwarmt met zijn contrabas, dragen Herco, Rolf en Vincent de melodie\u00ebn meesterlijk op fluiten, fluiten, viool, mandoline, diatonisch accordeon en natuurlijk de traditionele Ierse Bodhr\u00e1n. Als uitmuntende zangers tillen zij elk nummer naar duizelende hoogten met intense multi-vocale harmonie\u00ebn.<\/p>\n<p><span class=\"_5yl5\">Opzwepende, lyrische en overvloedige Ierse folk tunes en hartverwarmende old time country songs om van te genieten, zelfs als de laatste echo van het optreden al lang is wegge\u00ebbd.<\/span><\/p>\n<p>Dus dat was de offici\u00eble blurb en het is allemaal waar, elk bloemrijk woord ervan&#8230;.<\/p>\n<p>Dat gezegd hebbende, echt, alles wat er te zeggen valt is: Het is gewoon goede Craic! Kom luisteren als je de kans krijgt!<\/p>\n<p>[\/et_pb_text][\/et_pb_column][et_pb_column type=&#8221;1_4&#8243; _builder_version=&#8221;4.16&#8243; _module_preset=&#8221;default&#8221; global_colors_info=&#8221;{}&#8221;][\/et_pb_column][\/et_pb_row][\/et_pb_section][et_pb_section fb_built=&#8221;1&#8243; _builder_version=&#8221;4.16&#8243; _module_preset=&#8221;default&#8221; background_image=&#8221;http:\/\/tobermore.band\/wp-content\/uploads\/2021\/11\/Tobermore201700012.jpg&#8221; parallax=&#8221;on&#8221; parallax_method=&#8221;off&#8221; custom_padding=&#8221;382px|||||&#8221; global_colors_info=&#8221;{}&#8221;][\/et_pb_section][et_pb_section fb_built=&#8221;1&#8243; module_id=&#8221;theband&#8221; _builder_version=&#8221;4.16&#8243; _module_preset=&#8221;default&#8221; global_colors_info=&#8221;{}&#8221;][et_pb_row _builder_version=&#8221;4.16&#8243; _module_preset=&#8221;default&#8221; global_colors_info=&#8221;{}&#8221;][et_pb_column type=&#8221;4_4&#8243; _builder_version=&#8221;4.16&#8243; _module_preset=&#8221;default&#8221; global_colors_info=&#8221;{}&#8221;][et_pb_text _builder_version=&#8221;4.16&#8243; _module_preset=&#8221;default&#8221; global_colors_info=&#8221;{}&#8221;]<\/p>\n<div class=\"et_pb_module et_pb_text et_pb_text_6 et_pb_text_align_left et_pb_bg_layout_light\">\n<div class=\"et_pb_text_inner\">\n<h1 style=\"text-align: center;\">De band<\/h1>\n<\/div>\n<\/div>\n<p>[\/et_pb_text][et_pb_divider color=&#8221;#e0e0e0&#8243; _builder_version=&#8221;4.16&#8243; _module_preset=&#8221;default&#8221; global_colors_info=&#8221;{}&#8221;][\/et_pb_divider][\/et_pb_column][\/et_pb_row][et_pb_row column_structure=&#8221;1_3,1_3,1_3&#8243; _builder_version=&#8221;4.16&#8243; _module_preset=&#8221;default&#8221; global_colors_info=&#8221;{}&#8221;][et_pb_column type=&#8221;1_3&#8243; _builder_version=&#8221;4.16&#8243; _module_preset=&#8221;default&#8221; global_colors_info=&#8221;{}&#8221;][et_pb_image src=&#8221;http:\/\/tobermore.band\/wp-content\/uploads\/2021\/11\/Tobermore_FestMaritim_201700039.jpg&#8221; title_text=&#8221;Tobermore_FestMaritim_201700039&#8243; _builder_version=&#8221;4.16&#8243; _module_preset=&#8221;default&#8221; global_colors_info=&#8221;{}&#8221;][\/et_pb_image][et_pb_text _builder_version=&#8221;4.16&#8243; _module_preset=&#8221;default&#8221; global_colors_info=&#8221;{}&#8221;]<\/p>\n<p><strong>Herco Schuchard<\/strong><\/p>\n<p>&nbsp;<\/p>\n<p>~ Fluit<br \/>~ Tin Whistle<br \/>~ Low Whistle<br \/>~ Zang<\/p>\n<p>[\/et_pb_text][\/et_pb_column][et_pb_column type=&#8221;1_3&#8243; _builder_version=&#8221;4.16&#8243; _module_preset=&#8221;default&#8221; global_colors_info=&#8221;{}&#8221;][et_pb_image src=&#8221;http:\/\/tobermore.band\/wp-content\/uploads\/2021\/11\/Tobermore_FestMaritim_201700036.jpg&#8221; title_text=&#8221;Tobermore_FestMaritim_201700036&#8243; _builder_version=&#8221;4.16&#8243; _module_preset=&#8221;default&#8221; global_colors_info=&#8221;{}&#8221;][\/et_pb_image][et_pb_text _builder_version=&#8221;4.19.0&#8243; _module_preset=&#8221;default&#8221; global_colors_info=&#8221;{}&#8221;]<\/p>\n<p><strong>Vincent van Meerdervoort<\/strong><\/p>\n<p>&nbsp;<\/p>\n<p>~ Trekzak<br \/>~ Bodhr\u00e1n<br \/>~ Zang<br \/>~ Tin Whistle<br \/>~ Low Whistle<\/p>\n<p>[\/et_pb_text][\/et_pb_column][et_pb_column type=&#8221;1_3&#8243; _builder_version=&#8221;4.16&#8243; _module_preset=&#8221;default&#8221; global_colors_info=&#8221;{}&#8221;][et_pb_image src=&#8221;http:\/\/tobermore.band\/wp-content\/uploads\/2021\/11\/Tobermore_FestMaritim_201700023.jpg&#8221; title_text=&#8221;Tobermore_FestMaritim_201700023&#8243; _builder_version=&#8221;4.16&#8243; _module_preset=&#8221;default&#8221; global_colors_info=&#8221;{}&#8221;][\/et_pb_image][et_pb_text _builder_version=&#8221;4.19.0&#8243; _module_preset=&#8221;default&#8221; global_colors_info=&#8221;{}&#8221;]<\/p>\n<p><strong>Rolf Groeneveld<\/strong><\/p>\n<p>&nbsp;<\/p>\n<p>~ Viool<br \/>~ Mandoline<br \/>~ Zang<\/p>\n<p>[\/et_pb_text][\/et_pb_column][\/et_pb_row][et_pb_row column_structure=&#8221;1_3,1_3,1_3&#8243; _builder_version=&#8221;4.16&#8243; _module_preset=&#8221;default&#8221; global_colors_info=&#8221;{}&#8221;][et_pb_column type=&#8221;1_3&#8243; _builder_version=&#8221;4.16&#8243; _module_preset=&#8221;default&#8221; global_colors_info=&#8221;{}&#8221;][et_pb_image src=&#8221;http:\/\/tobermore.band\/wp-content\/uploads\/2021\/12\/Marinnus.jpg&#8221; title_text=&#8221;Marinnus&#8221; _builder_version=&#8221;4.16&#8243; _module_preset=&#8221;default&#8221; global_colors_info=&#8221;{}&#8221;][\/et_pb_image][et_pb_text _builder_version=&#8221;4.19.0&#8243; _module_preset=&#8221;default&#8221; global_colors_info=&#8221;{}&#8221;]<\/p>\n<p><strong>Marinus van Grootheest<\/strong><\/p>\n<p>&nbsp;<\/p>\n<p>~ Contrabas<br \/>~ Zang<\/p>\n<p>[\/et_pb_text][\/et_pb_column][et_pb_column type=&#8221;1_3&#8243; _builder_version=&#8221;4.16&#8243; _module_preset=&#8221;default&#8221; global_colors_info=&#8221;{}&#8221;][et_pb_image src=&#8221;http:\/\/tobermore.band\/wp-content\/uploads\/2022\/02\/Rein-1.jpg&#8221; title_text=&#8221;Rein&#8221; module_class=&#8221;landscape&#8221; _builder_version=&#8221;4.16&#8243; _module_preset=&#8221;default&#8221; global_colors_info=&#8221;{}&#8221;][\/et_pb_image][et_pb_text _builder_version=&#8221;4.16&#8243; _module_preset=&#8221;default&#8221; global_colors_info=&#8221;{}&#8221;]<\/p>\n<p><strong>Rein Sprong<\/strong><\/p>\n<p>&nbsp;<\/p>\n<p>~ Gitaar<\/p>\n<p>[\/et_pb_text][\/et_pb_column][et_pb_column type=&#8221;1_3&#8243; _builder_version=&#8221;4.16&#8243; _module_preset=&#8221;default&#8221; global_colors_info=&#8221;{}&#8221;][\/et_pb_column][\/et_pb_row][\/et_pb_section][et_pb_section fb_built=&#8221;1&#8243; _builder_version=&#8221;4.16&#8243; _module_preset=&#8221;default&#8221; background_image=&#8221;http:\/\/tobermore.band\/wp-content\/uploads\/2021\/12\/20934101_1740802039285741_4541703763782627416_o.jpg&#8221; parallax=&#8221;on&#8221; parallax_method=&#8221;off&#8221; custom_padding=&#8221;382px|||||&#8221; global_colors_info=&#8221;{}&#8221;][\/et_pb_section][et_pb_section fb_built=&#8221;1&#8243; module_id=&#8221;music&#8221; _builder_version=&#8221;4.16&#8243; _module_preset=&#8221;default&#8221; global_colors_info=&#8221;{}&#8221;][et_pb_row _builder_version=&#8221;4.16&#8243; _module_preset=&#8221;default&#8221; global_colors_info=&#8221;{}&#8221;][et_pb_column type=&#8221;4_4&#8243; _builder_version=&#8221;4.16&#8243; _module_preset=&#8221;default&#8221; global_colors_info=&#8221;{}&#8221;][et_pb_text _builder_version=&#8221;4.16&#8243; _module_preset=&#8221;default&#8221; global_colors_info=&#8221;{}&#8221;]<\/p>\n<div class=\"et_pb_module et_pb_text et_pb_text_6 et_pb_text_align_left et_pb_bg_layout_light\">\n<div class=\"et_pb_text_inner\">\n<h1 style=\"text-align: center;\">Muziek<\/h1>\n<\/div>\n<\/div>\n<p>[\/et_pb_text][et_pb_divider color=&#8221;#e0e0e0&#8243; _builder_version=&#8221;4.16&#8243; _module_preset=&#8221;default&#8221; global_colors_info=&#8221;{}&#8221;][\/et_pb_divider][\/et_pb_column][\/et_pb_row][et_pb_row column_structure=&#8221;1_2,1_2&#8243; make_equal=&#8221;on&#8221; _builder_version=&#8221;4.16&#8243; _module_preset=&#8221;default&#8221; global_colors_info=&#8221;{}&#8221;][et_pb_column type=&#8221;1_2&#8243; _builder_version=&#8221;4.16&#8243; _module_preset=&#8221;default&#8221; global_colors_info=&#8221;{}&#8221;][et_pb_text _builder_version=&#8221;4.16&#8243; _module_preset=&#8221;default&#8221; global_colors_info=&#8221;{}&#8221;]<\/p>\n<h2>Lyrische Ierse en Amerikaanse folk<\/h2>\n<p>&nbsp;<\/p>\n<p>Wij spelen traditionele Ierse en Amerikaanse folkmuziek zoals u die in een pub in Ierland zou horen, maar zorgvuldig gearrangeerd om verkwikkend en verjongend te zijn. Veel nummers en opzwepende instrumentale melodie\u00ebn die je dwingen om op zijn minst op je voeten op het ritme mee te tikken.<\/p>\n<p>&nbsp;<\/p>\n<h2><\/h2>\n<h2>Ons album &#8220;Kisses&#8221;<\/h2>\n<p>Ons debuutalbum Kisses heeft veel lof ontvangen en mensen vinden het geweldig, vaak ontvangen we opmerkingen als &#8220;live zijn ze zelfs nog beter!&#8221;<\/p>\n<p>Luister maar naar de spotify tracks als je wilt \ud83d\ude42<\/p>\n<p>Als je onze eerste CD wilt kopen, hij is verkrijgbaar via iTunes en andere online winkels, maar natuurlijk<span> <\/span><em><strong>wij geven er de voorkeur aan<\/strong><\/em><span> <\/span>dat je het direct van ons koopt. Stuur ons een e-mail als je ge\u00efnteresseerd bent, of haal hem bij een van onze optredens!<\/p>\n<p>[\/et_pb_text][\/et_pb_column][et_pb_column type=&#8221;1_2&#8243; _builder_version=&#8221;4.16&#8243; _module_preset=&#8221;default&#8221; global_colors_info=&#8221;{}&#8221;][et_pb_accordion toggle_icon=&#8221;&#x3a;||divi||400&#8243; _builder_version=&#8221;4.17.6&#8243; _module_preset=&#8221;default&#8221; global_colors_info=&#8221;{}&#8221;][et_pb_accordion_item title=&#8221;Luister naar de nummers&#8221; open=&#8221;on&#8221; _builder_version=&#8221;4.17.6&#8243; _module_preset=&#8221;default&#8221; global_colors_info=&#8221;{}&#8221;]<\/p>\n<p><iframe loading=\"lazy\" src=\"https:\/\/open.spotify.com\/embed\/album\/1vlKvVsPEtOHD027B7XZcR?utm_source=generator\" width=\"100%\" height=\"380\" frameborder=\"0\" allowfullscreen=\"\" allow=\"autoplay; clipboard-write; encrypted-media; fullscreen; picture-in-picture\"><\/iframe><\/p>\n<p>[\/et_pb_accordion_item][et_pb_accordion_item title=&#8221;Recensie door Folkforum&#8221; icon_color=&#8221;#000000&#8243; toggle_icon=&#8221;&#x3a;||divi||400&#8243; _builder_version=&#8221;4.17.6&#8243; _module_preset=&#8221;default&#8221; global_colors_info=&#8221;{}&#8221; open=&#8221;off&#8221;]<\/p>\n<p>Hoewel Tobermore, opgericht in 2014, een nieuwe tak van de folktak is, brengen de muzikanten veel ervaring met zich mee.  <strong>Herco Schuchard<\/strong>  (fluiten, zang) speelde als kind al trompet in de dixielandband van zijn vader,  <strong>Vincent Pompe van Meerdervoort<\/strong>  (diatonische accordeon, bodhr\u00e1n, zang) verliet Harmony Glen vorig jaar om al zijn aandacht op dit project te richten,  <strong>Rolf Groeneveld<\/strong>  (viool, zang) kennen we vooral van Madlot en  <strong>Gerard Braun<\/strong>  (gitaar, zang) deed het Brabants Conservatorium op klassiek gitaar, zwierf rond in jazz en fusion, maar hij voelt zich evenzeer thuis in de folkmuziek, speelde bij Gerard van Maasakkers, Tjane en Privet en is nu ook bekend als organisator van zowel Ierse sessies als concerten. Alleen <strong>Angus McGalligan<\/strong> (half Iers, half Belgisch, uillean pipes, whistles, bodhr\u00e1n, zang) is pas vijf jaar geleden begonnen met het bespelen van de uillean pipes. Op hun debuutalbum Kisses leggen deze mannen hun hart en ziel in traditionele Ierse tunes met hier en daar een vleugje Amerikaanse folk.<\/p>\n<p>Als je denkt dat je net in een gezellige Ierse sessie terecht bent gekomen, krijg je bij Tobermore een cover van bluegrass-meester Tim O&#8217;Brien (On The Outside Looking In) voorgeschoteld. De fluit zorgt hier wel voor een Keltisch gevoel, maar de toon voor het album Kisses is gezet, het grotendeels Ierse repertoire wordt afgewisseld met Amerikaanse invloeden. Een andere cover, het rustig melancholieke Home Sweet Home waarin gitaar en accordeon de hoofdrol spelen, is van Matt Andersen, een sterke Canadese singer-songwriter die vooral bij americana fans een belletje zal doen rinkelen. Op beide stukken neemt Herco Schuchard de leadzang voor zijn rekening, met een aangename stem die goed in het gehoor ligt. Iets rauwer zijn de vocalen van Angus McGalligan op de traditionals Tippin&#8217; It Up to Nancy en de grotendeels a capella gezongen afsluiter Or\u00f3 S\u00e9 Do Bheatha &#8216;Bhaile, met alleen een bodhr\u00e1n aan het eind. Tussen de traditionals en covers vinden we een zelfgeschreven stuk, O&#8217;Carolan&#8217;s Nightmare (Pompe van Meerdervoort), dat klinkt als een variatie op een melodie van Turlough O&#8217;Carolan (1670-1738), die voornamelijk voor harp schreef, hoewel het arrangement met gitaar en trekzak over het algemeen prima past.<\/p>\n<p>Terwijl ik naar Kisses luister, stel ik me een gewoon tafeltje in een bar voor, omringd door Tobermore-muzikanten die een gemeenschappelijke passie voor Ierse muziek delen, maar ook graag een uitstapje maken naar de Amerikaanse folk. De sfeer is ongedwongen, als je zelf een instrument bespeelt, voel je vrij om mee te doen, maar je kunt natuurlijk ook gewoon blijven luisteren.<\/p>\n<p>Mirjam Adrian<\/p>\n<p>[\/et_pb_accordion_item][et_pb_accordion_item title=&#8221;Recensie door New Folk Sounds&#8221; _builder_version=&#8221;4.17.6&#8243; _module_preset=&#8221;default&#8221; global_colors_info=&#8221;{}&#8221; open=&#8221;off&#8221;]<\/p>\n<p>Opgericht in 2014 en nu de debuut-cd met traditionele Ierse folk van deze Nederlandse groep. Het bestaat uit Gerard Braun (gitaar, zang), Rolf Groeneveld (viool, zang), Herco Schuchard (dwarsfluit, zang), de Ierse Belg Angus McGalligan (uilleann pipes, dwarsfluit, bodhran, zang) en Vincent Pompe van Meerdervoort (accordeon, bodhran, zang). Een optimale bezetting, zo lijkt het, om Ierse folk te spelen. Vooral als je ook nog de luxe hebt van uilleann pipes in je instrumenten, in handen van iemand die ook de oorspronkelijke taal en het accent kan laten horen. Traditionele muziek dus, met traditionele instrumenten en ook een traditionele opbouw van het album. De bekende mix van tune sets en liedjes. Keurig gearrangeerd door de heren en uitgevoerd op een conventionele, maar zeker overtuigende manier. Twee liedjes vallen (een beetje) buiten dat Ierse repertoire. Home sweet home van de Canadese folk\/blues zanger\/gitarist Matt Anderson en On the outside looking in van de bekende Amerikaan met Ierse roots Tim O&#8217;Brien. Uitstekende solozang, solide en strak samenspel, voldoende afwisseling. Met andere woorden, niets vernieuwends of innovatief, maar zeker een album dat het beluisteren waard is.<\/p>\n<p>[\/et_pb_accordion_item][\/et_pb_accordion][\/et_pb_column][\/et_pb_row][\/et_pb_section][et_pb_section fb_built=&#8221;1&#8243; _builder_version=&#8221;4.16&#8243; _module_preset=&#8221;default&#8221; background_color=&#8221;#e2e2e2&#8243; background_image=&#8221;http:\/\/tobermore.band\/wp-content\/uploads\/2022\/02\/Vincent_Maritim.jpg&#8221; parallax=&#8221;on&#8221; parallax_method=&#8221;off&#8221; custom_padding=&#8221;382px|||||&#8221; global_colors_info=&#8221;{}&#8221;][\/et_pb_section][et_pb_section fb_built=&#8221;1&#8243; module_id=&#8221;gigs&#8221; _builder_version=&#8221;4.16&#8243; _module_preset=&#8221;default&#8221; global_colors_info=&#8221;{}&#8221;][et_pb_row _builder_version=&#8221;4.16&#8243; _module_preset=&#8221;default&#8221; global_colors_info=&#8221;{}&#8221;][et_pb_column type=&#8221;4_4&#8243; _builder_version=&#8221;4.16&#8243; _module_preset=&#8221;default&#8221; global_colors_info=&#8221;{}&#8221;][et_pb_text _builder_version=&#8221;4.16&#8243; _module_preset=&#8221;default&#8221; global_colors_info=&#8221;{}&#8221;]<\/p>\n<div class=\"et_pb_module et_pb_text et_pb_text_6 et_pb_text_align_left et_pb_bg_layout_light\">\n<div class=\"et_pb_text_inner\">\n<h1 style=\"text-align: center;\">Optredens<\/h1>\n<\/div>\n<\/div>\n<p>[\/et_pb_text][et_pb_divider color=&#8221;#e0e0e0&#8243; _builder_version=&#8221;4.16&#8243; _module_preset=&#8221;default&#8221; global_colors_info=&#8221;{}&#8221;][\/et_pb_divider][\/et_pb_column][\/et_pb_row][et_pb_row _builder_version=&#8221;4.16&#8243; _module_preset=&#8221;default&#8221; global_colors_info=&#8221;{}&#8221;][et_pb_column type=&#8221;4_4&#8243; _builder_version=&#8221;4.16&#8243; _module_preset=&#8221;default&#8221; global_colors_info=&#8221;{}&#8221;][et_pb_text _builder_version=&#8221;4.27.4&#8243; _module_preset=&#8221;default&#8221; hover_enabled=&#8221;0&#8243; global_colors_info=&#8221;{}&#8221; sticky_enabled=&#8221;0&#8243;]<\/p>\n<p><span><p class=\"ngage-gigs-empty\">No upcoming gigs.<\/p><\/span><\/p>\n<p>[\/et_pb_text][\/et_pb_column][\/et_pb_row][\/et_pb_section][et_pb_section fb_built=&#8221;1&#8243; _builder_version=&#8221;4.16&#8243; _module_preset=&#8221;default&#8221; background_color=&#8221;#e2e2e2&#8243; background_image=&#8221;http:\/\/tobermore.band\/wp-content\/uploads\/2021\/11\/Tobermore_FestMaritim_201700048.jpg&#8221; parallax=&#8221;on&#8221; parallax_method=&#8221;off&#8221; custom_padding=&#8221;382px|||||&#8221; global_colors_info=&#8221;{}&#8221;][\/et_pb_section][et_pb_section fb_built=&#8221;1&#8243; module_id=&#8221;contact&#8221; _builder_version=&#8221;4.16&#8243; _module_preset=&#8221;default&#8221; global_colors_info=&#8221;{}&#8221;][et_pb_row _builder_version=&#8221;4.16&#8243; _module_preset=&#8221;default&#8221; global_colors_info=&#8221;{}&#8221;][et_pb_column type=&#8221;4_4&#8243; _builder_version=&#8221;4.16&#8243; _module_preset=&#8221;default&#8221; global_colors_info=&#8221;{}&#8221;][et_pb_text _builder_version=&#8221;4.16&#8243; _module_preset=&#8221;default&#8221; global_colors_info=&#8221;{}&#8221;]<\/p>\n<div class=\"et_pb_module et_pb_text et_pb_text_6 et_pb_text_align_left et_pb_bg_layout_light\">\n<div class=\"et_pb_text_inner\">\n<h1 style=\"text-align: center;\">Contact<\/h1>\n<\/div>\n<\/div>\n<p>[\/et_pb_text][et_pb_divider color=&#8221;#e0e0e0&#8243; _builder_version=&#8221;4.16&#8243; _module_preset=&#8221;default&#8221; global_colors_info=&#8221;{}&#8221;][\/et_pb_divider][\/et_pb_column][\/et_pb_row][et_pb_row column_structure=&#8221;1_2,1_2&#8243; _builder_version=&#8221;4.16&#8243; _module_preset=&#8221;default&#8221; global_colors_info=&#8221;{}&#8221;][et_pb_column type=&#8221;1_2&#8243; _builder_version=&#8221;4.16&#8243; _module_preset=&#8221;default&#8221; global_colors_info=&#8221;{}&#8221;][et_pb_text _builder_version=&#8221;4.16&#8243; _module_preset=&#8221;default&#8221; global_colors_info=&#8221;{}&#8221;]<\/p>\n<p>Voor informatie of boekingen u contact met ons opnemen via mail of telefoon.<br \/>Optioneel kunnen we ons eigen PA-systeem meenemen voor doelgroepen tot 250 personen. Aarzel niet om ons te bellen of een e-mail te sturen \ud83d\ude42<\/p>\n<p><strong>E-mail<\/strong>:<span> <\/span><a href=\"mailto:info@tobermore.band\">info@tobermore.band<\/a><\/p>\n<p><strong>Telefoon<\/strong>:<span> <\/span><a href=\"tel:+31624637507\">+31 (0) 6 24 63 75 07<\/a><span> <\/span>(Vincent)<\/p>\n<p><strong>WhatsApp<\/strong>:<a href=\"https:\/\/wa.link\/wm9xdy\"><span> <\/span><\/a> Stuur nu een bericht<\/p>\n<p>[\/et_pb_text][\/et_pb_column][et_pb_column type=&#8221;1_2&#8243; _builder_version=&#8221;4.16&#8243; _module_preset=&#8221;default&#8221; global_colors_info=&#8221;{}&#8221;][et_pb_image src=&#8221;http:\/\/tobermore.band\/wp-content\/uploads\/2021\/11\/Kisses_DigiDist_Cover.jpg&#8221; title_text=&#8221;Kisses_DigiDist_Cover&#8221; _builder_version=&#8221;4.16&#8243; _module_preset=&#8221;default&#8221; global_colors_info=&#8221;{}&#8221;][\/et_pb_image][\/et_pb_column][\/et_pb_row][\/et_pb_section]<\/p>\n","protected":false},"excerpt":{"rendered":"<p>Tobemore &#8211; Irish Folk &nbsp; Soms lieflijk en rustgevend, vaak opzwepend en stampend, er wordt vaak over Tobermore&#8217;s folktunes en liedjes gezegd dat ze luisteraars recht in vervoering brengen \ud83d\ude1b Terwijl Rein een levendige basis weeft op dadgad gitaar en Marinus de muziek verwarmt met zijn contrabas, dragen Herco, Rolf en Vincent de melodie\u00ebn meesterlijk [&hellip;]<\/p>\n","protected":false},"author":1,"featured_media":0,"parent":0,"menu_order":0,"comment_status":"closed","ping_status":"closed","template":"","meta":{"_et_pb_use_builder":"on","_et_pb_old_content":"","_et_gb_content_width":"","footnotes":""},"class_list":["post-225","page","type-page","status-publish","hentry"],"aioseo_notices":[],"_links":{"self":[{"href":"https:\/\/tobermore.band\/nl\/wp-json\/wp\/v2\/pages\/225","targetHints":{"allow":["GET"]}}],"collection":[{"href":"https:\/\/tobermore.band\/nl\/wp-json\/wp\/v2\/pages"}],"about":[{"href":"https:\/\/tobermore.band\/nl\/wp-json\/wp\/v2\/types\/page"}],"author":[{"embeddable":true,"href":"https:\/\/tobermore.band\/nl\/wp-json\/wp\/v2\/users\/1"}],"replies":[{"embeddable":true,"href":"https:\/\/tobermore.band\/nl\/wp-json\/wp\/v2\/comments?post=225"}],"version-history":[{"count":1,"href":"https:\/\/tobermore.band\/nl\/wp-json\/wp\/v2\/pages\/225\/revisions"}],"predecessor-version":[{"id":469,"href":"https:\/\/tobermore.band\/nl\/wp-json\/wp\/v2\/pages\/225\/revisions\/469"}],"wp:attachment":[{"href":"https:\/\/tobermore.band\/nl\/wp-json\/wp\/v2\/media?parent=225"}],"curies":[{"name":"wp","href":"https:\/\/api.w.org\/{rel}","templated":true}]}}